{"id":4252,"date":"2022-05-13T16:40:13","date_gmt":"2022-05-13T16:40:13","guid":{"rendered":"https:\/\/www.saarschleifenlodge.eu\/?post_type=product&#038;p=4252"},"modified":"2024-12-10T16:25:44","modified_gmt":"2024-12-10T16:25:44","slug":"big-bottle-party-2023","status":"publish","type":"product","link":"https:\/\/www.saarschleifenlodge.eu\/fr\/product\/big-bottle-party-2023\/","title":{"rendered":"Big Bottle Party 2025 | 129 Euro"},"content":{"rendered":"<h1><img loading=\"lazy\" decoding=\"async\" class=\"size-medium wp-image-5763 alignleft\" src=\"https:\/\/www.saarschleifenlodge.eu\/wp-content\/uploads\/2022\/05\/5_BB_Plakat-211x300.jpg\" alt=\"\" width=\"211\" height=\"300\" srcset=\"https:\/\/www.saarschleifenlodge.eu\/wp-content\/uploads\/2022\/05\/5_BB_Plakat-211x300.jpg 211w, https:\/\/www.saarschleifenlodge.eu\/wp-content\/uploads\/2022\/05\/5_BB_Plakat-8x12.jpg 8w, https:\/\/www.saarschleifenlodge.eu\/wp-content\/uploads\/2022\/05\/5_BB_Plakat-558x792.jpg 558w, https:\/\/www.saarschleifenlodge.eu\/wp-content\/uploads\/2022\/05\/5_BB_Plakat-42x60.jpg 42w, https:\/\/www.saarschleifenlodge.eu\/wp-content\/uploads\/2022\/05\/5_BB_Plakat-63x90.jpg 63w, https:\/\/www.saarschleifenlodge.eu\/wp-content\/uploads\/2022\/05\/5_BB_Plakat.jpg 578w\" sizes=\"auto, (max-width: 211px) 100vw, 211px\" \/><span style=\"color: #000000;\">5. BIG BOTTLE PARTY<\/span><\/h1>\n<p><strong>5 x 365 TAGE JUBEL-L\u00c4UM! | <\/strong><strong>8 Flights leckere Weine | <\/strong><strong>8 Flights leckere SPEISEN<\/strong><\/p>\n<p>Am 4ten <strong>ANNIVERSAIRE DU SAARSCHLEIFENLODGE<\/strong> nous organisons notre<br \/>\n<strong>5te BIG BOTTLE PARTY<\/strong>. L'\u00e9v\u00e9nement pour les connaisseurs et les buveurs de vin.<br \/>\n<strong>NAMHAFTE WEING\u00dcTER VON SAAR &amp; MOSEL &amp; Pfalz.<\/strong><\/p>\n<p><strong>Einlass nur mit Ticket! Diese sind limitiert und kosten 129 Euro pro Person*,<\/strong><br \/>\nTicket-Verkauf auf unserer Webseite im Shop und an der SAARSCHLEIFENLODGE.<\/p>\n<p>*Les invit\u00e9s fid\u00e8les qui reviennent b\u00e9n\u00e9ficient d'un tarif sp\u00e9cial pour les chambres.<\/p>","protected":false},"excerpt":{"rendered":"<p><strong>5. BIG BOTTLE PARTY<br \/>\n<\/strong><strong>3 x 365 TAGE JUBEL-L\u00c4UM!<\/strong><br \/>\n<strong>8 Flights leckere Weine<\/strong><br \/>\n<strong>8 Flights leckere SPEISEN<\/strong><\/p>","protected":false},"featured_media":0,"template":"","meta":[],"product_brand":[],"product_cat":[98],"product_tag":[],"class_list":{"0":"post-4252","1":"product","2":"type-product","3":"status-publish","5":"product_cat-tickets","7":"first","8":"instock","9":"taxable","10":"shipping-taxable","11":"purchasable","12":"product-type-simple","14":"catalog-layout-default","15":"columns-xs-1"},"acf":[],"yoast_head":"<!-- This site is optimized with the Yoast SEO plugin v24.5 - https:\/\/yoast.com\/wordpress\/plugins\/seo\/ -->\n<title>Big Bottle Party 2025 | 129 Euro - Saarschleifenlodge<\/title>\n<meta name=\"description\" content=\"3te BIG BOTTLEPARTY - das Event f\u00fcr Kenner und Weintrinker. NAMHAFTE WEING\u00dcTER VON SAAR &amp; MOSEL\" \/>\n<meta name=\"robots\" content=\"index, follow, max-snippet:-1, max-image-preview:large, max-video-preview:-1\" \/>\n<link rel=\"canonical\" href=\"https:\/\/www.saarschleifenlodge.eu\/fr\/product\/big-bottle-party-2023\/\" \/>\n<meta property=\"og:locale\" content=\"fr_FR\" \/>\n<meta property=\"og:type\" content=\"article\" \/>\n<meta property=\"og:title\" content=\"Big Bottle Party 2025 | 129 Euro - Saarschleifenlodge\" \/>\n<meta property=\"og:description\" content=\"3te BIG BOTTLEPARTY - das Event f\u00fcr Kenner und Weintrinker. NAMHAFTE WEING\u00dcTER VON SAAR &amp; MOSEL\" \/>\n<meta property=\"og:url\" content=\"https:\/\/www.saarschleifenlodge.eu\/fr\/product\/big-bottle-party-2023\/\" \/>\n<meta property=\"og:site_name\" content=\"Saarschleifenlodge\" \/>\n<meta property=\"article:publisher\" content=\"https:\/\/www.facebook.com\/saarschleifenlodge\" \/>\n<meta property=\"article:modified_time\" content=\"2024-12-10T16:25:44+00:00\" \/>\n<meta property=\"og:image\" content=\"https:\/\/www.saarschleifenlodge.eu\/wp-content\/uploads\/2022\/05\/5_BB_Plakat-211x300.jpg\" \/>\n<meta name=\"twitter:card\" content=\"summary_large_image\" \/>\n<meta name=\"twitter:label1\" content=\"Dur\u00e9e de lecture estim\u00e9e\" \/>\n\t<meta name=\"twitter:data1\" content=\"1 minute\" \/>\n<script type=\"application\/ld+json\" class=\"yoast-schema-graph\">{\"@context\":\"https:\/\/schema.org\",\"@graph\":[{\"@type\":\"WebPage\",\"@id\":\"https:\/\/www.saarschleifenlodge.eu\/product\/big-bottle-party-2023\/\",\"url\":\"https:\/\/www.saarschleifenlodge.eu\/product\/big-bottle-party-2023\/\",\"name\":\"Big Bottle Party 2025 | 129 Euro - Saarschleifenlodge\",\"isPartOf\":{\"@id\":\"https:\/\/www.saarschleifenlodge.eu\/#website\"},\"primaryImageOfPage\":{\"@id\":\"https:\/\/www.saarschleifenlodge.eu\/product\/big-bottle-party-2023\/#primaryimage\"},\"image\":{\"@id\":\"https:\/\/www.saarschleifenlodge.eu\/product\/big-bottle-party-2023\/#primaryimage\"},\"thumbnailUrl\":\"https:\/\/www.saarschleifenlodge.eu\/wp-content\/uploads\/2022\/05\/5_BB_Plakat-211x300.jpg\",\"datePublished\":\"2022-05-13T16:40:13+00:00\",\"dateModified\":\"2024-12-10T16:25:44+00:00\",\"description\":\"3te BIG BOTTLEPARTY - das Event f\u00fcr Kenner und Weintrinker. NAMHAFTE WEING\u00dcTER VON SAAR & MOSEL\",\"breadcrumb\":{\"@id\":\"https:\/\/www.saarschleifenlodge.eu\/product\/big-bottle-party-2023\/#breadcrumb\"},\"inLanguage\":\"fr-FR\",\"potentialAction\":[{\"@type\":\"ReadAction\",\"target\":[\"https:\/\/www.saarschleifenlodge.eu\/product\/big-bottle-party-2023\/\"]}]},{\"@type\":\"ImageObject\",\"inLanguage\":\"fr-FR\",\"@id\":\"https:\/\/www.saarschleifenlodge.eu\/product\/big-bottle-party-2023\/#primaryimage\",\"url\":\"https:\/\/www.saarschleifenlodge.eu\/wp-content\/uploads\/2022\/05\/5_BB_Plakat-211x300.jpg\",\"contentUrl\":\"https:\/\/www.saarschleifenlodge.eu\/wp-content\/uploads\/2022\/05\/5_BB_Plakat-211x300.jpg\"},{\"@type\":\"BreadcrumbList\",\"@id\":\"https:\/\/www.saarschleifenlodge.eu\/product\/big-bottle-party-2023\/#breadcrumb\",\"itemListElement\":[{\"@type\":\"ListItem\",\"position\":1,\"name\":\"Startseite\",\"item\":\"https:\/\/www.saarschleifenlodge.eu\/\"},{\"@type\":\"ListItem\",\"position\":2,\"name\":\"Saarschleifenlodge-Shop\",\"item\":\"https:\/\/www.saarschleifenlodge.eu\/shop\/\"},{\"@type\":\"ListItem\",\"position\":3,\"name\":\"Big Bottle Party 2025 | 129 Euro\"}]},{\"@type\":\"WebSite\",\"@id\":\"https:\/\/www.saarschleifenlodge.eu\/#website\",\"url\":\"https:\/\/www.saarschleifenlodge.eu\/\",\"name\":\"Saarschleifenlodge\",\"description\":\"Ferienwohnungen | Lofts | Studios | Baumh\u00e4user | Saarh\u00e4user | Tiny H\u00e4user\",\"publisher\":{\"@id\":\"https:\/\/www.saarschleifenlodge.eu\/#organization\"},\"potentialAction\":[{\"@type\":\"SearchAction\",\"target\":{\"@type\":\"EntryPoint\",\"urlTemplate\":\"https:\/\/www.saarschleifenlodge.eu\/?s={search_term_string}\"},\"query-input\":{\"@type\":\"PropertyValueSpecification\",\"valueRequired\":true,\"valueName\":\"search_term_string\"}}],\"inLanguage\":\"fr-FR\"},{\"@type\":\"Organization\",\"@id\":\"https:\/\/www.saarschleifenlodge.eu\/#organization\",\"name\":\"Saarschleifenlodge\",\"url\":\"https:\/\/www.saarschleifenlodge.eu\/\",\"logo\":{\"@type\":\"ImageObject\",\"inLanguage\":\"fr-FR\",\"@id\":\"https:\/\/www.saarschleifenlodge.eu\/#\/schema\/logo\/image\/\",\"url\":\"https:\/\/www.saarschleifenlodge.eu\/wp-content\/uploads\/2020\/11\/saarschleifenlodge_logo_250px_weiss.png\",\"contentUrl\":\"https:\/\/www.saarschleifenlodge.eu\/wp-content\/uploads\/2020\/11\/saarschleifenlodge_logo_250px_weiss.png\",\"width\":250,\"height\":112,\"caption\":\"Saarschleifenlodge\"},\"image\":{\"@id\":\"https:\/\/www.saarschleifenlodge.eu\/#\/schema\/logo\/image\/\"},\"sameAs\":[\"https:\/\/www.facebook.com\/saarschleifenlodge\",\"https:\/\/www.instagram.com\/saarschleifenlodge\/\"]}]}<\/script>\n<!-- \/ Yoast SEO plugin. -->","yoast_head_json":{"title":"Big Bottle Party 2025 | 129 Euro - Saarschleifenlodge","description":"3te BIG BOTTLEPARTY - das Event f\u00fcr Kenner und Weintrinker. NAMHAFTE WEING\u00dcTER VON SAAR & MOSEL","robots":{"index":"index","follow":"follow","max-snippet":"max-snippet:-1","max-image-preview":"max-image-preview:large","max-video-preview":"max-video-preview:-1"},"canonical":"https:\/\/www.saarschleifenlodge.eu\/fr\/product\/big-bottle-party-2023\/","og_locale":"fr_FR","og_type":"article","og_title":"Big Bottle Party 2025 | 129 Euro - Saarschleifenlodge","og_description":"3te BIG BOTTLEPARTY - das Event f\u00fcr Kenner und Weintrinker. NAMHAFTE WEING\u00dcTER VON SAAR & MOSEL","og_url":"https:\/\/www.saarschleifenlodge.eu\/fr\/product\/big-bottle-party-2023\/","og_site_name":"Saarschleifenlodge","article_publisher":"https:\/\/www.facebook.com\/saarschleifenlodge","article_modified_time":"2024-12-10T16:25:44+00:00","og_image":[{"url":"https:\/\/www.saarschleifenlodge.eu\/wp-content\/uploads\/2022\/05\/5_BB_Plakat-211x300.jpg","type":"","width":"","height":""}],"twitter_card":"summary_large_image","twitter_misc":{"Dur\u00e9e de lecture estim\u00e9e":"1 minute"},"schema":{"@context":"https:\/\/schema.org","@graph":[{"@type":"WebPage","@id":"https:\/\/www.saarschleifenlodge.eu\/product\/big-bottle-party-2023\/","url":"https:\/\/www.saarschleifenlodge.eu\/product\/big-bottle-party-2023\/","name":"Big Bottle Party 2025 | 129 Euro - Saarschleifenlodge","isPartOf":{"@id":"https:\/\/www.saarschleifenlodge.eu\/#website"},"primaryImageOfPage":{"@id":"https:\/\/www.saarschleifenlodge.eu\/product\/big-bottle-party-2023\/#primaryimage"},"image":{"@id":"https:\/\/www.saarschleifenlodge.eu\/product\/big-bottle-party-2023\/#primaryimage"},"thumbnailUrl":"https:\/\/www.saarschleifenlodge.eu\/wp-content\/uploads\/2022\/05\/5_BB_Plakat-211x300.jpg","datePublished":"2022-05-13T16:40:13+00:00","dateModified":"2024-12-10T16:25:44+00:00","description":"3te BIG BOTTLEPARTY - das Event f\u00fcr Kenner und Weintrinker. NAMHAFTE WEING\u00dcTER VON SAAR & MOSEL","breadcrumb":{"@id":"https:\/\/www.saarschleifenlodge.eu\/product\/big-bottle-party-2023\/#breadcrumb"},"inLanguage":"fr-FR","potentialAction":[{"@type":"ReadAction","target":["https:\/\/www.saarschleifenlodge.eu\/product\/big-bottle-party-2023\/"]}]},{"@type":"ImageObject","inLanguage":"fr-FR","@id":"https:\/\/www.saarschleifenlodge.eu\/product\/big-bottle-party-2023\/#primaryimage","url":"https:\/\/www.saarschleifenlodge.eu\/wp-content\/uploads\/2022\/05\/5_BB_Plakat-211x300.jpg","contentUrl":"https:\/\/www.saarschleifenlodge.eu\/wp-content\/uploads\/2022\/05\/5_BB_Plakat-211x300.jpg"},{"@type":"BreadcrumbList","@id":"https:\/\/www.saarschleifenlodge.eu\/product\/big-bottle-party-2023\/#breadcrumb","itemListElement":[{"@type":"ListItem","position":1,"name":"Startseite","item":"https:\/\/www.saarschleifenlodge.eu\/"},{"@type":"ListItem","position":2,"name":"Saarschleifenlodge-Shop","item":"https:\/\/www.saarschleifenlodge.eu\/shop\/"},{"@type":"ListItem","position":3,"name":"Big Bottle Party 2025 | 129 Euro"}]},{"@type":"WebSite","@id":"https:\/\/www.saarschleifenlodge.eu\/#website","url":"https:\/\/www.saarschleifenlodge.eu\/","name":"Saarschleifenlodge","description":"Ferienwohnungen | Lofts | Studios | Baumh\u00e4user | Saarh\u00e4user | Tiny H\u00e4user","publisher":{"@id":"https:\/\/www.saarschleifenlodge.eu\/#organization"},"potentialAction":[{"@type":"SearchAction","target":{"@type":"EntryPoint","urlTemplate":"https:\/\/www.saarschleifenlodge.eu\/?s={search_term_string}"},"query-input":{"@type":"PropertyValueSpecification","valueRequired":true,"valueName":"search_term_string"}}],"inLanguage":"fr-FR"},{"@type":"Organization","@id":"https:\/\/www.saarschleifenlodge.eu\/#organization","name":"Saarschleifenlodge","url":"https:\/\/www.saarschleifenlodge.eu\/","logo":{"@type":"ImageObject","inLanguage":"fr-FR","@id":"https:\/\/www.saarschleifenlodge.eu\/#\/schema\/logo\/image\/","url":"https:\/\/www.saarschleifenlodge.eu\/wp-content\/uploads\/2020\/11\/saarschleifenlodge_logo_250px_weiss.png","contentUrl":"https:\/\/www.saarschleifenlodge.eu\/wp-content\/uploads\/2020\/11\/saarschleifenlodge_logo_250px_weiss.png","width":250,"height":112,"caption":"Saarschleifenlodge"},"image":{"@id":"https:\/\/www.saarschleifenlodge.eu\/#\/schema\/logo\/image\/"},"sameAs":["https:\/\/www.facebook.com\/saarschleifenlodge","https:\/\/www.instagram.com\/saarschleifenlodge\/"]}]}},"_links":{"self":[{"href":"https:\/\/www.saarschleifenlodge.eu\/fr\/wp-json\/wp\/v2\/product\/4252","targetHints":{"allow":["GET"]}}],"collection":[{"href":"https:\/\/www.saarschleifenlodge.eu\/fr\/wp-json\/wp\/v2\/product"}],"about":[{"href":"https:\/\/www.saarschleifenlodge.eu\/fr\/wp-json\/wp\/v2\/types\/product"}],"wp:attachment":[{"href":"https:\/\/www.saarschleifenlodge.eu\/fr\/wp-json\/wp\/v2\/media?parent=4252"}],"wp:term":[{"taxonomy":"product_brand","embeddable":true,"href":"https:\/\/www.saarschleifenlodge.eu\/fr\/wp-json\/wp\/v2\/product_brand?post=4252"},{"taxonomy":"product_cat","embeddable":true,"href":"https:\/\/www.saarschleifenlodge.eu\/fr\/wp-json\/wp\/v2\/product_cat?post=4252"},{"taxonomy":"product_tag","embeddable":true,"href":"https:\/\/www.saarschleifenlodge.eu\/fr\/wp-json\/wp\/v2\/product_tag?post=4252"}],"curies":[{"name":"wp","href":"https:\/\/api.w.org\/{rel}","templated":true}]}}