{"id":6530,"date":"2025-08-22T14:44:54","date_gmt":"2025-08-22T14:44:54","guid":{"rendered":"https:\/\/www.saarschleifenlodge.eu\/?page_id=6530"},"modified":"2025-08-22T14:50:16","modified_gmt":"2025-08-22T14:50:16","slug":"impressum","status":"publish","type":"page","link":"https:\/\/www.saarschleifenlodge.eu\/fr\/impressum\/","title":{"rendered":"Mentions l\u00e9gales"},"content":{"rendered":"<p><strong>Impressum: <\/strong><\/p><p>Exploitant du site au sens de l'article 5 TMG<br>Saarschleifenlodge Gastro GmbH<\/p><p>Steinbach 2, pr\u00e8s de Dreisbach<br>66693 Mettlach<\/p><p>T\u00e9l\u00e9phone : +49 6868 180 9911<\/p><p>Courriel :&nbsp;<a href=\"http:\/\/web.archive.org\/web\/20240420014101\/mailto:info@saarschleifenlodge.eu\" target=\"_blank\" rel=\"noreferrer noopener\">info@saarschleifenlodge.eu<\/a><object width=\"300\" height=\"0\"><\/object><\/p><p>Registre du commerce :<br>Tribunal d'enregistrement : Tribunal d'instance de Saarbr\u00fccken<br>Num\u00e9ro d'enregistrement : HRB 106250<\/p><p>Associ\u00e9 g\u00e9rant :<br>Michael Lenz<\/p><p>Num\u00e9ro d'identification de l'imp\u00f4t sur le chiffre d'affaires conform\u00e9ment au \u00a7 27 a de la loi sur l'imp\u00f4t sur le chiffre d'affaires : DE<\/p><p>Responsable du contenu selon le \u00a7 55 alin\u00e9a 2 RStV :<br>Michael Lenz<br>Adresse comme ci-dessus<\/p><p>Droits d'auteur et cr\u00e9dits d'image :<br>Sauf indication contraire, le contenu de&nbsp;<a href=\"http:\/\/web.archive.org\/web\/20240420014101\/http:\/\/www.saarschleife.eu\/\" target=\"_blank\" rel=\"noreferrer noopener\">www.saarschleife.eu<\/a>&nbsp;est prot\u00e9g\u00e9 par le droit d'auteur.<br>Les photographies utilis\u00e9es sont signal\u00e9es par des cr\u00e9dits photographiques, le cas \u00e9ch\u00e9ant, ou \u00e9num\u00e9r\u00e9es ci-dessous, \u00e0 moins qu'elles n'aient \u00e9t\u00e9 prises par l'auteur.\nL'utilisation de photographies sur des sites tiers n'est possible que dans le cadre de la licence respective du d\u00e9tenteur du droit d'auteur.<\/p><p><strong>Ic\u00f4nes, mise en page : \u00c9quipement<br><\/strong>Chien : Freepik,&nbsp;<a href=\"http:\/\/web.archive.org\/web\/20240420014101\/https:\/\/www.flaticon.com\/de\/autoren\/freepik\" target=\"_blank\" rel=\"noreferrer noopener\">https:\/\/www.flaticon.com\/de\/autoren\/freepik<\/a><br>Bicyclette : Skyclick,&nbsp;<a href=\"http:\/\/web.archive.org\/web\/20240420014101\/https:\/\/www.flaticon.com\/de\/autoren\/skyclick\" target=\"_blank\" rel=\"noreferrer noopener\">https:\/\/www.flaticon.com\/de\/autoren\/skyclick<\/a><br>Bureau :&nbsp;<a href=\"http:\/\/web.archive.org\/web\/20240420014101\/https:\/\/www.flaticon.com\/de\/autoren\/freepik\" target=\"_blank\" rel=\"noreferrer noopener\">https:\/\/www.flaticon.com\/de\/autoren\/freepik<\/a><br>Cuisine : photo3idea_studio,&nbsp;<a href=\"http:\/\/web.archive.org\/web\/20240420014101\/https:\/\/www.flaticon.com\/de\/autoren\/photo3idea-studio\" target=\"_blank\" rel=\"noreferrer noopener\">https:\/\/www.flaticon.com\/de\/autoren\/photo3idea-studio<\/a><br>Canap\u00e9 : Freepik,&nbsp;<a href=\"http:\/\/web.archive.org\/web\/20240420014101\/https:\/\/www.flaticon.com\/de\/autoren\/freepik\" target=\"_blank\" rel=\"noreferrer noopener\">https:\/\/www.flaticon.com\/de\/autoren\/freepik<\/a><br>S\u00e8che-cheveux : Freepik,&nbsp;<a href=\"http:\/\/web.archive.org\/web\/20240420014101\/https:\/\/www.flaticon.com\/de\/autoren\/freepik\" target=\"_blank\" rel=\"noreferrer noopener\">https:\/\/www.flaticon.com\/de\/autoren\/freepik<\/a><br>Serviettes : Eucalyp,&nbsp;<a href=\"http:\/\/web.archive.org\/web\/20240420014101\/https:\/\/www.flaticon.com\/de\/autoren\/eucalyp\" target=\"_blank\" rel=\"noreferrer noopener\">https:\/\/www.flaticon.com\/de\/autoren\/eucalyp<\/a><br>Lit : Good Ware,&nbsp;<a href=\"http:\/\/web.archive.org\/web\/20240420014101\/https:\/\/www.flaticon.com\/de\/autoren\/good-ware\" target=\"_blank\" rel=\"noreferrer noopener\">https:\/\/www.flaticon.com\/de\/autoren\/good-ware<\/a><br>Balcon : Freepik,&nbsp;<a href=\"http:\/\/web.archive.org\/web\/20240420014101\/https:\/\/www.flaticon.com\/de\/autoren\/freepik\" target=\"_blank\" rel=\"noreferrer noopener\">https:\/\/www.flaticon.com\/de\/autoren\/freepik<\/a><br>Terrasse : Freepik,&nbsp;<a href=\"http:\/\/web.archive.org\/web\/20240420014101\/https:\/\/www.flaticon.com\/de\/autoren\/freepik\" target=\"_blank\" rel=\"noreferrer noopener\">https:\/\/www.flaticon.com\/de\/autoren\/freepik<\/a><br>Bain : xnimrodx,&nbsp;<a href=\"http:\/\/web.archive.org\/web\/20240420014101\/https:\/\/www.flaticon.com\/de\/autoren\/xnimrodx\" target=\"_blank\" rel=\"noreferrer noopener\">https:\/\/www.flaticon.com\/de\/autoren\/xnimrodx<\/a><br>For\u00eat : Pixel perfect,&nbsp;<a href=\"http:\/\/web.archive.org\/web\/20240420014101\/https:\/\/www.flaticon.com\/de\/autoren\/pixel-perfect\" target=\"_blank\" rel=\"noreferrer noopener\">https:\/\/www.flaticon.com\/de\/autoren\/pixel-perfect<\/a><br>Panorama : smalllikeart,&nbsp;<a href=\"http:\/\/web.archive.org\/web\/20240420014101\/https:\/\/www.flaticon.com\/de\/autoren\/smalllikeart\" target=\"_blank\" rel=\"noreferrer noopener\">https:\/\/www.flaticon.com\/de\/autoren\/smalllikeart<\/a><\/p><p><strong>Ic\u00f4nes, page Durabilit\u00e9 :<br><\/strong>Arbres au c\u0153ur, nuage, train, maison, m\u00e9ditation, patrimoine :&nbsp;<a href=\"http:\/\/web.archive.org\/web\/20240420014101\/https:\/\/www.flaticon.com\/authors\/freepik\" target=\"_blank\" rel=\"noreferrer noopener\">https:\/\/www.flaticon.com\/authors\/freepik<\/a><br>Nourriture :&nbsp;<a href=\"http:\/\/web.archive.org\/web\/20240420014101\/https:\/\/www.flaticon.com\/authors\/ultimatearm\" target=\"_blank\" rel=\"noreferrer noopener\">https:\/\/www.flaticon.com\/authors\/ultimatearm<\/a><br>Ferry :&nbsp;<a href=\"http:\/\/web.archive.org\/web\/20240420014101\/https:\/\/www.flaticon.com\/authors\/wichaiwi\" target=\"_blank\" rel=\"noreferrer noopener\">https:\/\/www.flaticon.com\/authors\/wichaiwi<\/a><br>Bus :&nbsp;<a href=\"http:\/\/web.archive.org\/web\/20240420014101\/https:\/\/www.flaticon.com\/authors\/monkik\" target=\"_blank\" rel=\"noreferrer noopener\">https:\/\/www.flaticon.com\/authors\/monkik<\/a><br>Chaise :&nbsp;<a href=\"http:\/\/web.archive.org\/web\/20240420014101\/https:\/\/www.flaticon.com\/de\/autoren\/surang\" target=\"_blank\" rel=\"noreferrer noopener\">https:\/\/www.flaticon.com\/de\/autoren\/surang<\/a><\/p>","protected":false},"excerpt":{"rendered":"<p>Impressum: Seitenbetreiber i.S.d. \u00a7 5 TMGSaarschleifenlodge Gastro GmbH Steinbach 2 bei Dreisbach66693 Mettlach Telefon: +49 6868 180 9911 E-Mail:&nbsp;info@saarschleifenlodge.eu Handelsregister:Registergericht: Amtsgericht Saarbr\u00fcckenRegisternummer: HRB 106250 Gesch\u00e4ftsf\u00fchrender Gesellschafter:Michael Lenz Umsatzsteuer-Identifikationsnummer gem\u00e4\u00df \u00a7 27 a Umsatzsteuergesetz: DE Inhaltlich Verantwortlicher gem\u00e4\u00df \u00a7 55 Abs. 2 RStV:Michael LenzAnschrift wie oben Urheberrecht und Bildnachweise:Die Inhalte von&nbsp;www.saarschleife.eu&nbsp;sind, soweit nicht anders angegeben, urheberrechtlich&hellip;<\/p>","protected":false},"author":3,"featured_media":0,"parent":0,"menu_order":0,"comment_status":"closed","ping_status":"closed","template":"","meta":{"footnotes":""},"class_list":["post-6530","page","type-page","status-publish","hentry"],"acf":[],"yoast_head":"<!-- This site is optimized with the Yoast SEO plugin v24.5 - https:\/\/yoast.com\/wordpress\/plugins\/seo\/ -->\n<title>Impressum - Saarschleifenlodge<\/title>\n<meta name=\"robots\" content=\"index, follow, max-snippet:-1, max-image-preview:large, max-video-preview:-1\" \/>\n<link rel=\"canonical\" href=\"https:\/\/www.saarschleifenlodge.eu\/fr\/impressum\/\" \/>\n<meta property=\"og:locale\" content=\"fr_FR\" \/>\n<meta property=\"og:type\" content=\"article\" \/>\n<meta property=\"og:title\" content=\"Impressum - Saarschleifenlodge\" \/>\n<meta property=\"og:description\" content=\"Impressum: Seitenbetreiber i.S.d. \u00a7 5 TMGSaarschleifenlodge Gastro GmbH Steinbach 2 bei Dreisbach66693 Mettlach Telefon: +49 6868 180 9911 E-Mail:&nbsp;info@saarschleifenlodge.eu Handelsregister:Registergericht: Amtsgericht Saarbr\u00fcckenRegisternummer: HRB 106250 Gesch\u00e4ftsf\u00fchrender Gesellschafter:Michael Lenz Umsatzsteuer-Identifikationsnummer gem\u00e4\u00df \u00a7 27 a Umsatzsteuergesetz: DE Inhaltlich Verantwortlicher gem\u00e4\u00df \u00a7 55 Abs. 2 RStV:Michael LenzAnschrift wie oben Urheberrecht und Bildnachweise:Die Inhalte von&nbsp;www.saarschleife.eu&nbsp;sind, soweit nicht anders angegeben, urheberrechtlich&hellip;\" \/>\n<meta property=\"og:url\" content=\"https:\/\/www.saarschleifenlodge.eu\/fr\/impressum\/\" \/>\n<meta property=\"og:site_name\" content=\"Saarschleifenlodge\" \/>\n<meta property=\"article:publisher\" content=\"https:\/\/www.facebook.com\/saarschleifenlodge\" \/>\n<meta property=\"article:modified_time\" content=\"2025-08-22T14:50:16+00:00\" \/>\n<meta name=\"twitter:card\" content=\"summary_large_image\" \/>\n<meta name=\"twitter:label1\" content=\"Dur\u00e9e de lecture estim\u00e9e\" \/>\n\t<meta name=\"twitter:data1\" content=\"1 minute\" \/>\n<script type=\"application\/ld+json\" class=\"yoast-schema-graph\">{\"@context\":\"https:\/\/schema.org\",\"@graph\":[{\"@type\":\"WebPage\",\"@id\":\"https:\/\/www.saarschleifenlodge.eu\/impressum\/\",\"url\":\"https:\/\/www.saarschleifenlodge.eu\/impressum\/\",\"name\":\"Impressum - Saarschleifenlodge\",\"isPartOf\":{\"@id\":\"https:\/\/www.saarschleifenlodge.eu\/#website\"},\"datePublished\":\"2025-08-22T14:44:54+00:00\",\"dateModified\":\"2025-08-22T14:50:16+00:00\",\"breadcrumb\":{\"@id\":\"https:\/\/www.saarschleifenlodge.eu\/impressum\/#breadcrumb\"},\"inLanguage\":\"fr-FR\",\"potentialAction\":[{\"@type\":\"ReadAction\",\"target\":[\"https:\/\/www.saarschleifenlodge.eu\/impressum\/\"]}]},{\"@type\":\"BreadcrumbList\",\"@id\":\"https:\/\/www.saarschleifenlodge.eu\/impressum\/#breadcrumb\",\"itemListElement\":[{\"@type\":\"ListItem\",\"position\":1,\"name\":\"Startseite\",\"item\":\"https:\/\/www.saarschleifenlodge.eu\/\"},{\"@type\":\"ListItem\",\"position\":2,\"name\":\"Impressum\"}]},{\"@type\":\"WebSite\",\"@id\":\"https:\/\/www.saarschleifenlodge.eu\/#website\",\"url\":\"https:\/\/www.saarschleifenlodge.eu\/\",\"name\":\"Saarschleifenlodge\",\"description\":\"Ferienwohnungen | Lofts | Studios | Baumh\u00e4user | Saarh\u00e4user | Tiny H\u00e4user\",\"publisher\":{\"@id\":\"https:\/\/www.saarschleifenlodge.eu\/#organization\"},\"potentialAction\":[{\"@type\":\"SearchAction\",\"target\":{\"@type\":\"EntryPoint\",\"urlTemplate\":\"https:\/\/www.saarschleifenlodge.eu\/?s={search_term_string}\"},\"query-input\":{\"@type\":\"PropertyValueSpecification\",\"valueRequired\":true,\"valueName\":\"search_term_string\"}}],\"inLanguage\":\"fr-FR\"},{\"@type\":\"Organization\",\"@id\":\"https:\/\/www.saarschleifenlodge.eu\/#organization\",\"name\":\"Saarschleifenlodge\",\"url\":\"https:\/\/www.saarschleifenlodge.eu\/\",\"logo\":{\"@type\":\"ImageObject\",\"inLanguage\":\"fr-FR\",\"@id\":\"https:\/\/www.saarschleifenlodge.eu\/#\/schema\/logo\/image\/\",\"url\":\"https:\/\/www.saarschleifenlodge.eu\/wp-content\/uploads\/2020\/11\/saarschleifenlodge_logo_250px_weiss.png\",\"contentUrl\":\"https:\/\/www.saarschleifenlodge.eu\/wp-content\/uploads\/2020\/11\/saarschleifenlodge_logo_250px_weiss.png\",\"width\":250,\"height\":112,\"caption\":\"Saarschleifenlodge\"},\"image\":{\"@id\":\"https:\/\/www.saarschleifenlodge.eu\/#\/schema\/logo\/image\/\"},\"sameAs\":[\"https:\/\/www.facebook.com\/saarschleifenlodge\",\"https:\/\/www.instagram.com\/saarschleifenlodge\/\"]}]}<\/script>\n<!-- \/ Yoast SEO plugin. -->","yoast_head_json":{"title":"Impressum - Saarschleifenlodge","robots":{"index":"index","follow":"follow","max-snippet":"max-snippet:-1","max-image-preview":"max-image-preview:large","max-video-preview":"max-video-preview:-1"},"canonical":"https:\/\/www.saarschleifenlodge.eu\/fr\/impressum\/","og_locale":"fr_FR","og_type":"article","og_title":"Impressum - Saarschleifenlodge","og_description":"Impressum: Seitenbetreiber i.S.d. \u00a7 5 TMGSaarschleifenlodge Gastro GmbH Steinbach 2 bei Dreisbach66693 Mettlach Telefon: +49 6868 180 9911 E-Mail:&nbsp;info@saarschleifenlodge.eu Handelsregister:Registergericht: Amtsgericht Saarbr\u00fcckenRegisternummer: HRB 106250 Gesch\u00e4ftsf\u00fchrender Gesellschafter:Michael Lenz Umsatzsteuer-Identifikationsnummer gem\u00e4\u00df \u00a7 27 a Umsatzsteuergesetz: DE Inhaltlich Verantwortlicher gem\u00e4\u00df \u00a7 55 Abs. 2 RStV:Michael LenzAnschrift wie oben Urheberrecht und Bildnachweise:Die Inhalte von&nbsp;www.saarschleife.eu&nbsp;sind, soweit nicht anders angegeben, urheberrechtlich&hellip;","og_url":"https:\/\/www.saarschleifenlodge.eu\/fr\/impressum\/","og_site_name":"Saarschleifenlodge","article_publisher":"https:\/\/www.facebook.com\/saarschleifenlodge","article_modified_time":"2025-08-22T14:50:16+00:00","twitter_card":"summary_large_image","twitter_misc":{"Dur\u00e9e de lecture estim\u00e9e":"1 minute"},"schema":{"@context":"https:\/\/schema.org","@graph":[{"@type":"WebPage","@id":"https:\/\/www.saarschleifenlodge.eu\/impressum\/","url":"https:\/\/www.saarschleifenlodge.eu\/impressum\/","name":"Impressum - Saarschleifenlodge","isPartOf":{"@id":"https:\/\/www.saarschleifenlodge.eu\/#website"},"datePublished":"2025-08-22T14:44:54+00:00","dateModified":"2025-08-22T14:50:16+00:00","breadcrumb":{"@id":"https:\/\/www.saarschleifenlodge.eu\/impressum\/#breadcrumb"},"inLanguage":"fr-FR","potentialAction":[{"@type":"ReadAction","target":["https:\/\/www.saarschleifenlodge.eu\/impressum\/"]}]},{"@type":"BreadcrumbList","@id":"https:\/\/www.saarschleifenlodge.eu\/impressum\/#breadcrumb","itemListElement":[{"@type":"ListItem","position":1,"name":"Startseite","item":"https:\/\/www.saarschleifenlodge.eu\/"},{"@type":"ListItem","position":2,"name":"Impressum"}]},{"@type":"WebSite","@id":"https:\/\/www.saarschleifenlodge.eu\/#website","url":"https:\/\/www.saarschleifenlodge.eu\/","name":"Saarschleifenlodge","description":"Ferienwohnungen | Lofts | Studios | Baumh\u00e4user | Saarh\u00e4user | Tiny H\u00e4user","publisher":{"@id":"https:\/\/www.saarschleifenlodge.eu\/#organization"},"potentialAction":[{"@type":"SearchAction","target":{"@type":"EntryPoint","urlTemplate":"https:\/\/www.saarschleifenlodge.eu\/?s={search_term_string}"},"query-input":{"@type":"PropertyValueSpecification","valueRequired":true,"valueName":"search_term_string"}}],"inLanguage":"fr-FR"},{"@type":"Organization","@id":"https:\/\/www.saarschleifenlodge.eu\/#organization","name":"Saarschleifenlodge","url":"https:\/\/www.saarschleifenlodge.eu\/","logo":{"@type":"ImageObject","inLanguage":"fr-FR","@id":"https:\/\/www.saarschleifenlodge.eu\/#\/schema\/logo\/image\/","url":"https:\/\/www.saarschleifenlodge.eu\/wp-content\/uploads\/2020\/11\/saarschleifenlodge_logo_250px_weiss.png","contentUrl":"https:\/\/www.saarschleifenlodge.eu\/wp-content\/uploads\/2020\/11\/saarschleifenlodge_logo_250px_weiss.png","width":250,"height":112,"caption":"Saarschleifenlodge"},"image":{"@id":"https:\/\/www.saarschleifenlodge.eu\/#\/schema\/logo\/image\/"},"sameAs":["https:\/\/www.facebook.com\/saarschleifenlodge","https:\/\/www.instagram.com\/saarschleifenlodge\/"]}]}},"_links":{"self":[{"href":"https:\/\/www.saarschleifenlodge.eu\/fr\/wp-json\/wp\/v2\/pages\/6530","targetHints":{"allow":["GET"]}}],"collection":[{"href":"https:\/\/www.saarschleifenlodge.eu\/fr\/wp-json\/wp\/v2\/pages"}],"about":[{"href":"https:\/\/www.saarschleifenlodge.eu\/fr\/wp-json\/wp\/v2\/types\/page"}],"author":[{"embeddable":true,"href":"https:\/\/www.saarschleifenlodge.eu\/fr\/wp-json\/wp\/v2\/users\/3"}],"replies":[{"embeddable":true,"href":"https:\/\/www.saarschleifenlodge.eu\/fr\/wp-json\/wp\/v2\/comments?post=6530"}],"version-history":[{"count":2,"href":"https:\/\/www.saarschleifenlodge.eu\/fr\/wp-json\/wp\/v2\/pages\/6530\/revisions"}],"predecessor-version":[{"id":6535,"href":"https:\/\/www.saarschleifenlodge.eu\/fr\/wp-json\/wp\/v2\/pages\/6530\/revisions\/6535"}],"wp:attachment":[{"href":"https:\/\/www.saarschleifenlodge.eu\/fr\/wp-json\/wp\/v2\/media?parent=6530"}],"curies":[{"name":"wp","href":"https:\/\/api.w.org\/{rel}","templated":true}]}}