{"id":2916,"date":"2021-04-11T10:27:10","date_gmt":"2021-04-11T10:27:10","guid":{"rendered":"https:\/\/www.saarschleifenlodge.eu\/?page_id=2916"},"modified":"2021-06-07T14:34:30","modified_gmt":"2021-06-07T14:34:30","slug":"newsletter","status":"publish","type":"page","link":"https:\/\/www.saarschleifenlodge.eu\/fr\/newsletter\/","title":{"rendered":"Saarschleifenlodge-Newsletter"},"content":{"rendered":"<div class=\"wpb-content-wrapper\"><div class=\"vc-row-container container\"><div class=\"vc_row wpb_row vc_row-fluid\"><div class=\"wpb_column vc_column_container vc_col-sm-12\"><div class=\"vc_column-inner\"><div class=\"wpb_wrapper\"><h2 style=\"text-align: center;font-family:Coda Caption;font-weight:800;font-style:normal\" class=\"vc_custom_heading vc_do_custom_heading\" >BULLETIN D'INFORMATION DE SAARSCHLEIFENLODGE<\/h2>\n\t<div class=\"wpb_text_column wpb_content_element post-formatting\" >\n\t\t<div class=\"wpb_wrapper\">\n\t\t\t<p style=\"text-align: center;\"><strong>Vous \u00eates int\u00e9ress\u00e9 ?\u00a0<\/strong><\/p>\n<p style=\"text-align: center;\">Restez toujours \u00e0 jour avec notre newsletter.<\/p>\n\n\t\t<\/div>\n\t<\/div>\n<\/div><\/div><\/div><\/div><\/div><div class=\"vc-row-container container\"><div class=\"vc_row wpb_row vc_row-fluid\"><div class=\"wpb_column vc_column_container vc_col-sm-3\"><div class=\"vc_column-inner\"><div class=\"wpb_wrapper\"><\/div><\/div><\/div><div class=\"wpb_column vc_column_container vc_col-sm-6\"><div class=\"vc_column-inner\"><div class=\"wpb_wrapper\">\n\t<div class=\"wpb_raw_code wpb_raw_html wpb_content_element\" >\n\t\t<div class=\"wpb_wrapper\">\n\t\t\t<iframe class=\"mj-w-res-iframe\" frameborder=\"0\" scrolling=\"no\" marginheight=\"0\" marginwidth=\"0\" src=\"https:\/\/app.mailjet.com\/widget\/iframe\/6BBL\/Ikf\" width=\"100%\"><\/iframe>\n\n<a href=\"#newsletter\"><script type=\"text\/javascript\" src=\"https:\/\/app.mailjet.com\/statics\/js\/iframeResizer.min.js\"><\/script><\/a>\n\t\t<\/div>\n\t<\/div>\n<\/div><\/div><\/div><div class=\"wpb_column vc_column_container vc_col-sm-3\"><div class=\"vc_column-inner\"><div class=\"wpb_wrapper\"><\/div><\/div><\/div><\/div><\/div>\n<\/div>","protected":false},"excerpt":{"rendered":"Saarschleifenlodge Newsletter Interesse geweckt?\u00a0 \u00dcber unseren Newsletter bleiben Sie immer auf dem neusten Stand.","protected":false},"author":1,"featured_media":0,"parent":0,"menu_order":0,"comment_status":"closed","ping_status":"closed","template":"","meta":{"footnotes":""},"class_list":["post-2916","page","type-page","status-publish","hentry"],"acf":[],"yoast_head":"<!-- This site is optimized with the Yoast SEO plugin v24.5 - https:\/\/yoast.com\/wordpress\/plugins\/seo\/ -->\n<title>Saarschleifenlodge-Newsletter - Saarschleifenlodge<\/title>\n<meta name=\"robots\" content=\"index, follow, max-snippet:-1, max-image-preview:large, max-video-preview:-1\" \/>\n<link rel=\"canonical\" href=\"https:\/\/www.saarschleifenlodge.eu\/fr\/newsletter\/\" \/>\n<meta property=\"og:locale\" content=\"fr_FR\" \/>\n<meta property=\"og:type\" content=\"article\" \/>\n<meta property=\"og:title\" content=\"Saarschleifenlodge-Newsletter - Saarschleifenlodge\" \/>\n<meta property=\"og:url\" content=\"https:\/\/www.saarschleifenlodge.eu\/fr\/newsletter\/\" \/>\n<meta property=\"og:site_name\" content=\"Saarschleifenlodge\" \/>\n<meta property=\"article:publisher\" content=\"https:\/\/www.facebook.com\/saarschleifenlodge\" \/>\n<meta property=\"article:modified_time\" content=\"2021-06-07T14:34:30+00:00\" \/>\n<meta name=\"twitter:card\" content=\"summary_large_image\" \/>\n<meta name=\"twitter:label1\" content=\"Dur\u00e9e de lecture estim\u00e9e\" \/>\n\t<meta name=\"twitter:data1\" content=\"1 minute\" \/>\n<script type=\"application\/ld+json\" class=\"yoast-schema-graph\">{\"@context\":\"https:\/\/schema.org\",\"@graph\":[{\"@type\":\"WebPage\",\"@id\":\"https:\/\/www.saarschleifenlodge.eu\/newsletter\/\",\"url\":\"https:\/\/www.saarschleifenlodge.eu\/newsletter\/\",\"name\":\"Saarschleifenlodge-Newsletter - Saarschleifenlodge\",\"isPartOf\":{\"@id\":\"https:\/\/www.saarschleifenlodge.eu\/#website\"},\"datePublished\":\"2021-04-11T10:27:10+00:00\",\"dateModified\":\"2021-06-07T14:34:30+00:00\",\"breadcrumb\":{\"@id\":\"https:\/\/www.saarschleifenlodge.eu\/newsletter\/#breadcrumb\"},\"inLanguage\":\"fr-FR\",\"potentialAction\":[{\"@type\":\"ReadAction\",\"target\":[\"https:\/\/www.saarschleifenlodge.eu\/newsletter\/\"]}]},{\"@type\":\"BreadcrumbList\",\"@id\":\"https:\/\/www.saarschleifenlodge.eu\/newsletter\/#breadcrumb\",\"itemListElement\":[{\"@type\":\"ListItem\",\"position\":1,\"name\":\"Startseite\",\"item\":\"https:\/\/www.saarschleifenlodge.eu\/\"},{\"@type\":\"ListItem\",\"position\":2,\"name\":\"Saarschleifenlodge-Newsletter\"}]},{\"@type\":\"WebSite\",\"@id\":\"https:\/\/www.saarschleifenlodge.eu\/#website\",\"url\":\"https:\/\/www.saarschleifenlodge.eu\/\",\"name\":\"Saarschleifenlodge\",\"description\":\"Ferienwohnungen | Lofts | Studios | Baumh\u00e4user | Saarh\u00e4user | Tiny H\u00e4user\",\"publisher\":{\"@id\":\"https:\/\/www.saarschleifenlodge.eu\/#organization\"},\"potentialAction\":[{\"@type\":\"SearchAction\",\"target\":{\"@type\":\"EntryPoint\",\"urlTemplate\":\"https:\/\/www.saarschleifenlodge.eu\/?s={search_term_string}\"},\"query-input\":{\"@type\":\"PropertyValueSpecification\",\"valueRequired\":true,\"valueName\":\"search_term_string\"}}],\"inLanguage\":\"fr-FR\"},{\"@type\":\"Organization\",\"@id\":\"https:\/\/www.saarschleifenlodge.eu\/#organization\",\"name\":\"Saarschleifenlodge\",\"url\":\"https:\/\/www.saarschleifenlodge.eu\/\",\"logo\":{\"@type\":\"ImageObject\",\"inLanguage\":\"fr-FR\",\"@id\":\"https:\/\/www.saarschleifenlodge.eu\/#\/schema\/logo\/image\/\",\"url\":\"https:\/\/www.saarschleifenlodge.eu\/wp-content\/uploads\/2020\/11\/saarschleifenlodge_logo_250px_weiss.png\",\"contentUrl\":\"https:\/\/www.saarschleifenlodge.eu\/wp-content\/uploads\/2020\/11\/saarschleifenlodge_logo_250px_weiss.png\",\"width\":250,\"height\":112,\"caption\":\"Saarschleifenlodge\"},\"image\":{\"@id\":\"https:\/\/www.saarschleifenlodge.eu\/#\/schema\/logo\/image\/\"},\"sameAs\":[\"https:\/\/www.facebook.com\/saarschleifenlodge\",\"https:\/\/www.instagram.com\/saarschleifenlodge\/\"]}]}<\/script>\n<!-- \/ Yoast SEO plugin. -->","yoast_head_json":{"title":"Saarschleifenlodge-Newsletter - Saarschleifenlodge","robots":{"index":"index","follow":"follow","max-snippet":"max-snippet:-1","max-image-preview":"max-image-preview:large","max-video-preview":"max-video-preview:-1"},"canonical":"https:\/\/www.saarschleifenlodge.eu\/fr\/newsletter\/","og_locale":"fr_FR","og_type":"article","og_title":"Saarschleifenlodge-Newsletter - Saarschleifenlodge","og_url":"https:\/\/www.saarschleifenlodge.eu\/fr\/newsletter\/","og_site_name":"Saarschleifenlodge","article_publisher":"https:\/\/www.facebook.com\/saarschleifenlodge","article_modified_time":"2021-06-07T14:34:30+00:00","twitter_card":"summary_large_image","twitter_misc":{"Dur\u00e9e de lecture estim\u00e9e":"1 minute"},"schema":{"@context":"https:\/\/schema.org","@graph":[{"@type":"WebPage","@id":"https:\/\/www.saarschleifenlodge.eu\/newsletter\/","url":"https:\/\/www.saarschleifenlodge.eu\/newsletter\/","name":"Saarschleifenlodge-Newsletter - Saarschleifenlodge","isPartOf":{"@id":"https:\/\/www.saarschleifenlodge.eu\/#website"},"datePublished":"2021-04-11T10:27:10+00:00","dateModified":"2021-06-07T14:34:30+00:00","breadcrumb":{"@id":"https:\/\/www.saarschleifenlodge.eu\/newsletter\/#breadcrumb"},"inLanguage":"fr-FR","potentialAction":[{"@type":"ReadAction","target":["https:\/\/www.saarschleifenlodge.eu\/newsletter\/"]}]},{"@type":"BreadcrumbList","@id":"https:\/\/www.saarschleifenlodge.eu\/newsletter\/#breadcrumb","itemListElement":[{"@type":"ListItem","position":1,"name":"Startseite","item":"https:\/\/www.saarschleifenlodge.eu\/"},{"@type":"ListItem","position":2,"name":"Saarschleifenlodge-Newsletter"}]},{"@type":"WebSite","@id":"https:\/\/www.saarschleifenlodge.eu\/#website","url":"https:\/\/www.saarschleifenlodge.eu\/","name":"Saarschleifenlodge","description":"Ferienwohnungen | Lofts | Studios | Baumh\u00e4user | Saarh\u00e4user | Tiny H\u00e4user","publisher":{"@id":"https:\/\/www.saarschleifenlodge.eu\/#organization"},"potentialAction":[{"@type":"SearchAction","target":{"@type":"EntryPoint","urlTemplate":"https:\/\/www.saarschleifenlodge.eu\/?s={search_term_string}"},"query-input":{"@type":"PropertyValueSpecification","valueRequired":true,"valueName":"search_term_string"}}],"inLanguage":"fr-FR"},{"@type":"Organization","@id":"https:\/\/www.saarschleifenlodge.eu\/#organization","name":"Saarschleifenlodge","url":"https:\/\/www.saarschleifenlodge.eu\/","logo":{"@type":"ImageObject","inLanguage":"fr-FR","@id":"https:\/\/www.saarschleifenlodge.eu\/#\/schema\/logo\/image\/","url":"https:\/\/www.saarschleifenlodge.eu\/wp-content\/uploads\/2020\/11\/saarschleifenlodge_logo_250px_weiss.png","contentUrl":"https:\/\/www.saarschleifenlodge.eu\/wp-content\/uploads\/2020\/11\/saarschleifenlodge_logo_250px_weiss.png","width":250,"height":112,"caption":"Saarschleifenlodge"},"image":{"@id":"https:\/\/www.saarschleifenlodge.eu\/#\/schema\/logo\/image\/"},"sameAs":["https:\/\/www.facebook.com\/saarschleifenlodge","https:\/\/www.instagram.com\/saarschleifenlodge\/"]}]}},"_links":{"self":[{"href":"https:\/\/www.saarschleifenlodge.eu\/fr\/wp-json\/wp\/v2\/pages\/2916","targetHints":{"allow":["GET"]}}],"collection":[{"href":"https:\/\/www.saarschleifenlodge.eu\/fr\/wp-json\/wp\/v2\/pages"}],"about":[{"href":"https:\/\/www.saarschleifenlodge.eu\/fr\/wp-json\/wp\/v2\/types\/page"}],"author":[{"embeddable":true,"href":"https:\/\/www.saarschleifenlodge.eu\/fr\/wp-json\/wp\/v2\/users\/1"}],"replies":[{"embeddable":true,"href":"https:\/\/www.saarschleifenlodge.eu\/fr\/wp-json\/wp\/v2\/comments?post=2916"}],"version-history":[{"count":10,"href":"https:\/\/www.saarschleifenlodge.eu\/fr\/wp-json\/wp\/v2\/pages\/2916\/revisions"}],"predecessor-version":[{"id":3230,"href":"https:\/\/www.saarschleifenlodge.eu\/fr\/wp-json\/wp\/v2\/pages\/2916\/revisions\/3230"}],"wp:attachment":[{"href":"https:\/\/www.saarschleifenlodge.eu\/fr\/wp-json\/wp\/v2\/media?parent=2916"}],"curies":[{"name":"wp","href":"https:\/\/api.w.org\/{rel}","templated":true}]}}