{"id":2039,"date":"2020-12-08T09:35:44","date_gmt":"2020-12-08T09:35:44","guid":{"rendered":"http:\/\/s522788272.online.de\/my-account\/"},"modified":"2020-12-13T14:07:03","modified_gmt":"2020-12-13T14:07:03","slug":"my-account","status":"publish","type":"page","link":"https:\/\/www.saarschleifenlodge.eu\/fr\/my-account\/","title":{"rendered":"Mein Konto"},"content":{"rendered":"<div class=\"woocommerce\"><\/div>","protected":false},"excerpt":{"rendered":"","protected":false},"author":1,"featured_media":0,"parent":0,"menu_order":0,"comment_status":"closed","ping_status":"closed","template":"","meta":{"footnotes":""},"class_list":["post-2039","page","type-page","status-publish","hentry"],"acf":[],"yoast_head":"<!-- This site is optimized with the Yoast SEO plugin v24.5 - https:\/\/yoast.com\/wordpress\/plugins\/seo\/ -->\n<title>Mein Konto - Saarschleifenlodge<\/title>\n<meta name=\"robots\" content=\"index, follow, max-snippet:-1, max-image-preview:large, max-video-preview:-1\" \/>\n<link rel=\"canonical\" href=\"https:\/\/www.saarschleifenlodge.eu\/fr\/my-account\/\" \/>\n<meta property=\"og:locale\" content=\"fr_FR\" \/>\n<meta property=\"og:type\" content=\"article\" \/>\n<meta property=\"og:title\" content=\"Mein Konto - Saarschleifenlodge\" \/>\n<meta property=\"og:url\" content=\"https:\/\/www.saarschleifenlodge.eu\/fr\/my-account\/\" \/>\n<meta property=\"og:site_name\" content=\"Saarschleifenlodge\" \/>\n<meta property=\"article:publisher\" content=\"https:\/\/www.facebook.com\/saarschleifenlodge\" \/>\n<meta property=\"article:modified_time\" content=\"2020-12-13T14:07:03+00:00\" \/>\n<meta name=\"twitter:card\" content=\"summary_large_image\" \/>\n<script type=\"application\/ld+json\" class=\"yoast-schema-graph\">{\"@context\":\"https:\/\/schema.org\",\"@graph\":[{\"@type\":\"WebPage\",\"@id\":\"https:\/\/www.saarschleifenlodge.eu\/my-account\/\",\"url\":\"https:\/\/www.saarschleifenlodge.eu\/my-account\/\",\"name\":\"Mein Konto - Saarschleifenlodge\",\"isPartOf\":{\"@id\":\"https:\/\/www.saarschleifenlodge.eu\/#website\"},\"datePublished\":\"2020-12-08T09:35:44+00:00\",\"dateModified\":\"2020-12-13T14:07:03+00:00\",\"breadcrumb\":{\"@id\":\"https:\/\/www.saarschleifenlodge.eu\/my-account\/#breadcrumb\"},\"inLanguage\":\"fr-FR\",\"potentialAction\":[{\"@type\":\"ReadAction\",\"target\":[\"https:\/\/www.saarschleifenlodge.eu\/my-account\/\"]}]},{\"@type\":\"BreadcrumbList\",\"@id\":\"https:\/\/www.saarschleifenlodge.eu\/my-account\/#breadcrumb\",\"itemListElement\":[{\"@type\":\"ListItem\",\"position\":1,\"name\":\"Startseite\",\"item\":\"https:\/\/www.saarschleifenlodge.eu\/\"},{\"@type\":\"ListItem\",\"position\":2,\"name\":\"Mein Konto\"}]},{\"@type\":\"WebSite\",\"@id\":\"https:\/\/www.saarschleifenlodge.eu\/#website\",\"url\":\"https:\/\/www.saarschleifenlodge.eu\/\",\"name\":\"Saarschleifenlodge\",\"description\":\"Ferienwohnungen | Lofts | Studios | Baumh\u00e4user | Saarh\u00e4user | Tiny H\u00e4user\",\"publisher\":{\"@id\":\"https:\/\/www.saarschleifenlodge.eu\/#organization\"},\"potentialAction\":[{\"@type\":\"SearchAction\",\"target\":{\"@type\":\"EntryPoint\",\"urlTemplate\":\"https:\/\/www.saarschleifenlodge.eu\/?s={search_term_string}\"},\"query-input\":{\"@type\":\"PropertyValueSpecification\",\"valueRequired\":true,\"valueName\":\"search_term_string\"}}],\"inLanguage\":\"fr-FR\"},{\"@type\":\"Organization\",\"@id\":\"https:\/\/www.saarschleifenlodge.eu\/#organization\",\"name\":\"Saarschleifenlodge\",\"url\":\"https:\/\/www.saarschleifenlodge.eu\/\",\"logo\":{\"@type\":\"ImageObject\",\"inLanguage\":\"fr-FR\",\"@id\":\"https:\/\/www.saarschleifenlodge.eu\/#\/schema\/logo\/image\/\",\"url\":\"https:\/\/www.saarschleifenlodge.eu\/wp-content\/uploads\/2020\/11\/saarschleifenlodge_logo_250px_weiss.png\",\"contentUrl\":\"https:\/\/www.saarschleifenlodge.eu\/wp-content\/uploads\/2020\/11\/saarschleifenlodge_logo_250px_weiss.png\",\"width\":250,\"height\":112,\"caption\":\"Saarschleifenlodge\"},\"image\":{\"@id\":\"https:\/\/www.saarschleifenlodge.eu\/#\/schema\/logo\/image\/\"},\"sameAs\":[\"https:\/\/www.facebook.com\/saarschleifenlodge\",\"https:\/\/www.instagram.com\/saarschleifenlodge\/\"]}]}<\/script>\n<!-- \/ Yoast SEO plugin. -->","yoast_head_json":{"title":"Mein Konto - Saarschleifenlodge","robots":{"index":"index","follow":"follow","max-snippet":"max-snippet:-1","max-image-preview":"max-image-preview:large","max-video-preview":"max-video-preview:-1"},"canonical":"https:\/\/www.saarschleifenlodge.eu\/fr\/my-account\/","og_locale":"fr_FR","og_type":"article","og_title":"Mein Konto - Saarschleifenlodge","og_url":"https:\/\/www.saarschleifenlodge.eu\/fr\/my-account\/","og_site_name":"Saarschleifenlodge","article_publisher":"https:\/\/www.facebook.com\/saarschleifenlodge","article_modified_time":"2020-12-13T14:07:03+00:00","twitter_card":"summary_large_image","schema":{"@context":"https:\/\/schema.org","@graph":[{"@type":"WebPage","@id":"https:\/\/www.saarschleifenlodge.eu\/my-account\/","url":"https:\/\/www.saarschleifenlodge.eu\/my-account\/","name":"Mein Konto - Saarschleifenlodge","isPartOf":{"@id":"https:\/\/www.saarschleifenlodge.eu\/#website"},"datePublished":"2020-12-08T09:35:44+00:00","dateModified":"2020-12-13T14:07:03+00:00","breadcrumb":{"@id":"https:\/\/www.saarschleifenlodge.eu\/my-account\/#breadcrumb"},"inLanguage":"fr-FR","potentialAction":[{"@type":"ReadAction","target":["https:\/\/www.saarschleifenlodge.eu\/my-account\/"]}]},{"@type":"BreadcrumbList","@id":"https:\/\/www.saarschleifenlodge.eu\/my-account\/#breadcrumb","itemListElement":[{"@type":"ListItem","position":1,"name":"Startseite","item":"https:\/\/www.saarschleifenlodge.eu\/"},{"@type":"ListItem","position":2,"name":"Mein Konto"}]},{"@type":"WebSite","@id":"https:\/\/www.saarschleifenlodge.eu\/#website","url":"https:\/\/www.saarschleifenlodge.eu\/","name":"Saarschleifenlodge","description":"Ferienwohnungen | Lofts | Studios | Baumh\u00e4user | Saarh\u00e4user | Tiny H\u00e4user","publisher":{"@id":"https:\/\/www.saarschleifenlodge.eu\/#organization"},"potentialAction":[{"@type":"SearchAction","target":{"@type":"EntryPoint","urlTemplate":"https:\/\/www.saarschleifenlodge.eu\/?s={search_term_string}"},"query-input":{"@type":"PropertyValueSpecification","valueRequired":true,"valueName":"search_term_string"}}],"inLanguage":"fr-FR"},{"@type":"Organization","@id":"https:\/\/www.saarschleifenlodge.eu\/#organization","name":"Saarschleifenlodge","url":"https:\/\/www.saarschleifenlodge.eu\/","logo":{"@type":"ImageObject","inLanguage":"fr-FR","@id":"https:\/\/www.saarschleifenlodge.eu\/#\/schema\/logo\/image\/","url":"https:\/\/www.saarschleifenlodge.eu\/wp-content\/uploads\/2020\/11\/saarschleifenlodge_logo_250px_weiss.png","contentUrl":"https:\/\/www.saarschleifenlodge.eu\/wp-content\/uploads\/2020\/11\/saarschleifenlodge_logo_250px_weiss.png","width":250,"height":112,"caption":"Saarschleifenlodge"},"image":{"@id":"https:\/\/www.saarschleifenlodge.eu\/#\/schema\/logo\/image\/"},"sameAs":["https:\/\/www.facebook.com\/saarschleifenlodge","https:\/\/www.instagram.com\/saarschleifenlodge\/"]}]}},"_links":{"self":[{"href":"https:\/\/www.saarschleifenlodge.eu\/fr\/wp-json\/wp\/v2\/pages\/2039","targetHints":{"allow":["GET"]}}],"collection":[{"href":"https:\/\/www.saarschleifenlodge.eu\/fr\/wp-json\/wp\/v2\/pages"}],"about":[{"href":"https:\/\/www.saarschleifenlodge.eu\/fr\/wp-json\/wp\/v2\/types\/page"}],"author":[{"embeddable":true,"href":"https:\/\/www.saarschleifenlodge.eu\/fr\/wp-json\/wp\/v2\/users\/1"}],"replies":[{"embeddable":true,"href":"https:\/\/www.saarschleifenlodge.eu\/fr\/wp-json\/wp\/v2\/comments?post=2039"}],"version-history":[{"count":1,"href":"https:\/\/www.saarschleifenlodge.eu\/fr\/wp-json\/wp\/v2\/pages\/2039\/revisions"}],"predecessor-version":[{"id":2091,"href":"https:\/\/www.saarschleifenlodge.eu\/fr\/wp-json\/wp\/v2\/pages\/2039\/revisions\/2091"}],"wp:attachment":[{"href":"https:\/\/www.saarschleifenlodge.eu\/fr\/wp-json\/wp\/v2\/media?parent=2039"}],"curies":[{"name":"wp","href":"https:\/\/api.w.org\/{rel}","templated":true}]}}