{"id":2164,"date":"2020-12-18T07:50:53","date_gmt":"2020-12-18T07:50:53","guid":{"rendered":"http:\/\/s522788272.online.de\/?post_type=product&#038;p=2164"},"modified":"2023-02-06T16:40:47","modified_gmt":"2023-02-06T16:40:47","slug":"gutschein-150-euro","status":"publish","type":"product","link":"https:\/\/www.saarschleifenlodge.eu\/en\/product\/gutschein-150-euro\/","title":{"rendered":"150 Euro Voucher"},"content":{"rendered":"<p>AUSZEIT hoch Zwei!<br \/>\nW\u00e4hlen Sie unseren Gutschein im Wert von 150 Euro und verschenken Sie Zeit.<br \/>\nZusammen-Zeit, Familien-Zeit, Natur-Zeit, Wohlf\u00fchl-Zeit, Freund*innen-Zeit \u2026<\/p>","protected":false},"excerpt":{"rendered":"<p>AUSZEIT hoch Zwei! W\u00e4hlen Sie unseren Gutschein im Wert von 150 Euro und verschenken Sie Zeit. Zusammen-Zeit, Familien-Zeit, Natur-Zeit, Wohlf\u00fchl-Zeit, Freund*innen-Zeit \u2026<\/p>","protected":false},"featured_media":4597,"template":"","meta":[],"product_brand":[],"product_cat":[77],"product_tag":[],"class_list":{"0":"post-2164","1":"product","2":"type-product","3":"status-publish","4":"has-post-thumbnail","6":"product_cat-gutscheine","7":"wcpa_has_options","9":"first","10":"instock","11":"taxable","12":"shipping-taxable","13":"purchasable","14":"product-type-simple","16":"catalog-layout-default","17":"columns-xs-1"},"acf":[],"yoast_head":"<!-- This site is optimized with the Yoast SEO plugin v24.5 - https:\/\/yoast.com\/wordpress\/plugins\/seo\/ -->\n<title>Gutschein 150 Euro - Saarschleifenlodge<\/title>\n<meta name=\"description\" content=\"AUSZEIT hoch Zwei! Verschenken Sie Zeit.Zusammen-Zeit, Familien-Zeit, Natur-Zeit, Wohlf\u00fchl-Zeit, Freund*innen-Zeit \u2026\" \/>\n<meta name=\"robots\" content=\"index, follow, max-snippet:-1, max-image-preview:large, max-video-preview:-1\" \/>\n<link rel=\"canonical\" href=\"https:\/\/www.saarschleifenlodge.eu\/en\/product\/gutschein-150-euro\/\" \/>\n<meta property=\"og:locale\" content=\"en_GB\" \/>\n<meta property=\"og:type\" content=\"article\" \/>\n<meta property=\"og:title\" content=\"Gutschein 150 Euro - Saarschleifenlodge\" \/>\n<meta property=\"og:description\" content=\"AUSZEIT hoch Zwei! Verschenken Sie Zeit.Zusammen-Zeit, Familien-Zeit, Natur-Zeit, Wohlf\u00fchl-Zeit, Freund*innen-Zeit \u2026\" \/>\n<meta property=\"og:url\" content=\"https:\/\/www.saarschleifenlodge.eu\/en\/product\/gutschein-150-euro\/\" \/>\n<meta property=\"og:site_name\" content=\"Saarschleifenlodge\" \/>\n<meta property=\"article:publisher\" content=\"https:\/\/www.facebook.com\/saarschleifenlodge\" \/>\n<meta property=\"article:modified_time\" content=\"2023-02-06T16:40:47+00:00\" \/>\n<meta property=\"og:image\" content=\"https:\/\/www.saarschleifenlodge.eu\/wp-content\/uploads\/2020\/12\/150Euro.jpg\" \/>\n\t<meta property=\"og:image:width\" content=\"601\" \/>\n\t<meta property=\"og:image:height\" content=\"283\" \/>\n\t<meta property=\"og:image:type\" content=\"image\/jpeg\" \/>\n<meta name=\"twitter:card\" content=\"summary_large_image\" \/>\n<meta name=\"twitter:label1\" content=\"Estimated reading time\" \/>\n\t<meta name=\"twitter:data1\" content=\"1 minute\" \/>\n<script type=\"application\/ld+json\" class=\"yoast-schema-graph\">{\"@context\":\"https:\/\/schema.org\",\"@graph\":[{\"@type\":\"WebPage\",\"@id\":\"https:\/\/www.saarschleifenlodge.eu\/product\/gutschein-150-euro\/\",\"url\":\"https:\/\/www.saarschleifenlodge.eu\/product\/gutschein-150-euro\/\",\"name\":\"Gutschein 150 Euro - Saarschleifenlodge\",\"isPartOf\":{\"@id\":\"https:\/\/www.saarschleifenlodge.eu\/#website\"},\"primaryImageOfPage\":{\"@id\":\"https:\/\/www.saarschleifenlodge.eu\/product\/gutschein-150-euro\/#primaryimage\"},\"image\":{\"@id\":\"https:\/\/www.saarschleifenlodge.eu\/product\/gutschein-150-euro\/#primaryimage\"},\"thumbnailUrl\":\"https:\/\/www.saarschleifenlodge.eu\/wp-content\/uploads\/2020\/12\/150Euro.jpg\",\"datePublished\":\"2020-12-18T07:50:53+00:00\",\"dateModified\":\"2023-02-06T16:40:47+00:00\",\"description\":\"AUSZEIT hoch Zwei! Verschenken Sie Zeit.Zusammen-Zeit, Familien-Zeit, Natur-Zeit, Wohlf\u00fchl-Zeit, Freund*innen-Zeit \u2026\",\"breadcrumb\":{\"@id\":\"https:\/\/www.saarschleifenlodge.eu\/product\/gutschein-150-euro\/#breadcrumb\"},\"inLanguage\":\"en-GB\",\"potentialAction\":[{\"@type\":\"ReadAction\",\"target\":[\"https:\/\/www.saarschleifenlodge.eu\/product\/gutschein-150-euro\/\"]}]},{\"@type\":\"ImageObject\",\"inLanguage\":\"en-GB\",\"@id\":\"https:\/\/www.saarschleifenlodge.eu\/product\/gutschein-150-euro\/#primaryimage\",\"url\":\"https:\/\/www.saarschleifenlodge.eu\/wp-content\/uploads\/2020\/12\/150Euro.jpg\",\"contentUrl\":\"https:\/\/www.saarschleifenlodge.eu\/wp-content\/uploads\/2020\/12\/150Euro.jpg\",\"width\":601,\"height\":283},{\"@type\":\"BreadcrumbList\",\"@id\":\"https:\/\/www.saarschleifenlodge.eu\/product\/gutschein-150-euro\/#breadcrumb\",\"itemListElement\":[{\"@type\":\"ListItem\",\"position\":1,\"name\":\"Startseite\",\"item\":\"https:\/\/www.saarschleifenlodge.eu\/\"},{\"@type\":\"ListItem\",\"position\":2,\"name\":\"Saarschleifenlodge-Shop\",\"item\":\"https:\/\/www.saarschleifenlodge.eu\/shop\/\"},{\"@type\":\"ListItem\",\"position\":3,\"name\":\"Gutschein 150 Euro\"}]},{\"@type\":\"WebSite\",\"@id\":\"https:\/\/www.saarschleifenlodge.eu\/#website\",\"url\":\"https:\/\/www.saarschleifenlodge.eu\/\",\"name\":\"Saarschleifenlodge\",\"description\":\"Ferienwohnungen | Lofts | Studios | Baumh\u00e4user | Saarh\u00e4user | Tiny H\u00e4user\",\"publisher\":{\"@id\":\"https:\/\/www.saarschleifenlodge.eu\/#organization\"},\"potentialAction\":[{\"@type\":\"SearchAction\",\"target\":{\"@type\":\"EntryPoint\",\"urlTemplate\":\"https:\/\/www.saarschleifenlodge.eu\/?s={search_term_string}\"},\"query-input\":{\"@type\":\"PropertyValueSpecification\",\"valueRequired\":true,\"valueName\":\"search_term_string\"}}],\"inLanguage\":\"en-GB\"},{\"@type\":\"Organization\",\"@id\":\"https:\/\/www.saarschleifenlodge.eu\/#organization\",\"name\":\"Saarschleifenlodge\",\"url\":\"https:\/\/www.saarschleifenlodge.eu\/\",\"logo\":{\"@type\":\"ImageObject\",\"inLanguage\":\"en-GB\",\"@id\":\"https:\/\/www.saarschleifenlodge.eu\/#\/schema\/logo\/image\/\",\"url\":\"https:\/\/www.saarschleifenlodge.eu\/wp-content\/uploads\/2020\/11\/saarschleifenlodge_logo_250px_weiss.png\",\"contentUrl\":\"https:\/\/www.saarschleifenlodge.eu\/wp-content\/uploads\/2020\/11\/saarschleifenlodge_logo_250px_weiss.png\",\"width\":250,\"height\":112,\"caption\":\"Saarschleifenlodge\"},\"image\":{\"@id\":\"https:\/\/www.saarschleifenlodge.eu\/#\/schema\/logo\/image\/\"},\"sameAs\":[\"https:\/\/www.facebook.com\/saarschleifenlodge\",\"https:\/\/www.instagram.com\/saarschleifenlodge\/\"]}]}<\/script>\n<!-- \/ Yoast SEO plugin. -->","yoast_head_json":{"title":"Gutschein 150 Euro - Saarschleifenlodge","description":"AUSZEIT hoch Zwei! Verschenken Sie Zeit.Zusammen-Zeit, Familien-Zeit, Natur-Zeit, Wohlf\u00fchl-Zeit, Freund*innen-Zeit \u2026","robots":{"index":"index","follow":"follow","max-snippet":"max-snippet:-1","max-image-preview":"max-image-preview:large","max-video-preview":"max-video-preview:-1"},"canonical":"https:\/\/www.saarschleifenlodge.eu\/en\/product\/gutschein-150-euro\/","og_locale":"en_GB","og_type":"article","og_title":"Gutschein 150 Euro - Saarschleifenlodge","og_description":"AUSZEIT hoch Zwei! Verschenken Sie Zeit.Zusammen-Zeit, Familien-Zeit, Natur-Zeit, Wohlf\u00fchl-Zeit, Freund*innen-Zeit \u2026","og_url":"https:\/\/www.saarschleifenlodge.eu\/en\/product\/gutschein-150-euro\/","og_site_name":"Saarschleifenlodge","article_publisher":"https:\/\/www.facebook.com\/saarschleifenlodge","article_modified_time":"2023-02-06T16:40:47+00:00","og_image":[{"width":601,"height":283,"url":"https:\/\/www.saarschleifenlodge.eu\/wp-content\/uploads\/2020\/12\/150Euro.jpg","type":"image\/jpeg"}],"twitter_card":"summary_large_image","twitter_misc":{"Estimated reading time":"1 minute"},"schema":{"@context":"https:\/\/schema.org","@graph":[{"@type":"WebPage","@id":"https:\/\/www.saarschleifenlodge.eu\/product\/gutschein-150-euro\/","url":"https:\/\/www.saarschleifenlodge.eu\/product\/gutschein-150-euro\/","name":"Gutschein 150 Euro - Saarschleifenlodge","isPartOf":{"@id":"https:\/\/www.saarschleifenlodge.eu\/#website"},"primaryImageOfPage":{"@id":"https:\/\/www.saarschleifenlodge.eu\/product\/gutschein-150-euro\/#primaryimage"},"image":{"@id":"https:\/\/www.saarschleifenlodge.eu\/product\/gutschein-150-euro\/#primaryimage"},"thumbnailUrl":"https:\/\/www.saarschleifenlodge.eu\/wp-content\/uploads\/2020\/12\/150Euro.jpg","datePublished":"2020-12-18T07:50:53+00:00","dateModified":"2023-02-06T16:40:47+00:00","description":"AUSZEIT hoch Zwei! Verschenken Sie Zeit.Zusammen-Zeit, Familien-Zeit, Natur-Zeit, Wohlf\u00fchl-Zeit, Freund*innen-Zeit \u2026","breadcrumb":{"@id":"https:\/\/www.saarschleifenlodge.eu\/product\/gutschein-150-euro\/#breadcrumb"},"inLanguage":"en-GB","potentialAction":[{"@type":"ReadAction","target":["https:\/\/www.saarschleifenlodge.eu\/product\/gutschein-150-euro\/"]}]},{"@type":"ImageObject","inLanguage":"en-GB","@id":"https:\/\/www.saarschleifenlodge.eu\/product\/gutschein-150-euro\/#primaryimage","url":"https:\/\/www.saarschleifenlodge.eu\/wp-content\/uploads\/2020\/12\/150Euro.jpg","contentUrl":"https:\/\/www.saarschleifenlodge.eu\/wp-content\/uploads\/2020\/12\/150Euro.jpg","width":601,"height":283},{"@type":"BreadcrumbList","@id":"https:\/\/www.saarschleifenlodge.eu\/product\/gutschein-150-euro\/#breadcrumb","itemListElement":[{"@type":"ListItem","position":1,"name":"Startseite","item":"https:\/\/www.saarschleifenlodge.eu\/"},{"@type":"ListItem","position":2,"name":"Saarschleifenlodge-Shop","item":"https:\/\/www.saarschleifenlodge.eu\/shop\/"},{"@type":"ListItem","position":3,"name":"Gutschein 150 Euro"}]},{"@type":"WebSite","@id":"https:\/\/www.saarschleifenlodge.eu\/#website","url":"https:\/\/www.saarschleifenlodge.eu\/","name":"Saarschleifenlodge","description":"Ferienwohnungen | Lofts | Studios | Baumh\u00e4user | Saarh\u00e4user | Tiny H\u00e4user","publisher":{"@id":"https:\/\/www.saarschleifenlodge.eu\/#organization"},"potentialAction":[{"@type":"SearchAction","target":{"@type":"EntryPoint","urlTemplate":"https:\/\/www.saarschleifenlodge.eu\/?s={search_term_string}"},"query-input":{"@type":"PropertyValueSpecification","valueRequired":true,"valueName":"search_term_string"}}],"inLanguage":"en-GB"},{"@type":"Organization","@id":"https:\/\/www.saarschleifenlodge.eu\/#organization","name":"Saarschleifenlodge","url":"https:\/\/www.saarschleifenlodge.eu\/","logo":{"@type":"ImageObject","inLanguage":"en-GB","@id":"https:\/\/www.saarschleifenlodge.eu\/#\/schema\/logo\/image\/","url":"https:\/\/www.saarschleifenlodge.eu\/wp-content\/uploads\/2020\/11\/saarschleifenlodge_logo_250px_weiss.png","contentUrl":"https:\/\/www.saarschleifenlodge.eu\/wp-content\/uploads\/2020\/11\/saarschleifenlodge_logo_250px_weiss.png","width":250,"height":112,"caption":"Saarschleifenlodge"},"image":{"@id":"https:\/\/www.saarschleifenlodge.eu\/#\/schema\/logo\/image\/"},"sameAs":["https:\/\/www.facebook.com\/saarschleifenlodge","https:\/\/www.instagram.com\/saarschleifenlodge\/"]}]}},"_links":{"self":[{"href":"https:\/\/www.saarschleifenlodge.eu\/en\/wp-json\/wp\/v2\/product\/2164","targetHints":{"allow":["GET"]}}],"collection":[{"href":"https:\/\/www.saarschleifenlodge.eu\/en\/wp-json\/wp\/v2\/product"}],"about":[{"href":"https:\/\/www.saarschleifenlodge.eu\/en\/wp-json\/wp\/v2\/types\/product"}],"wp:featuredmedia":[{"embeddable":true,"href":"https:\/\/www.saarschleifenlodge.eu\/en\/wp-json\/wp\/v2\/media\/4597"}],"wp:attachment":[{"href":"https:\/\/www.saarschleifenlodge.eu\/en\/wp-json\/wp\/v2\/media?parent=2164"}],"wp:term":[{"taxonomy":"product_brand","embeddable":true,"href":"https:\/\/www.saarschleifenlodge.eu\/en\/wp-json\/wp\/v2\/product_brand?post=2164"},{"taxonomy":"product_cat","embeddable":true,"href":"https:\/\/www.saarschleifenlodge.eu\/en\/wp-json\/wp\/v2\/product_cat?post=2164"},{"taxonomy":"product_tag","embeddable":true,"href":"https:\/\/www.saarschleifenlodge.eu\/en\/wp-json\/wp\/v2\/product_tag?post=2164"}],"curies":[{"name":"wp","href":"https:\/\/api.w.org\/{rel}","templated":true}]}}