{"id":74,"date":"2018-02-07T13:46:07","date_gmt":"2018-02-07T13:46:07","guid":{"rendered":"https:\/\/demo-content.kaliumtheme.com\/hotel\/?page_id=74"},"modified":"2022-07-22T11:44:53","modified_gmt":"2022-07-22T11:44:53","slug":"kontakt","status":"publish","type":"page","link":"https:\/\/www.saarschleifenlodge.eu\/en\/kontakt\/","title":{"rendered":"CONTACT"},"content":{"rendered":"<div class=\"wpb-content-wrapper\"><div class=\"vc-row-container container\"><div class=\"vc_row wpb_row vc_row-fluid vc_row-o-content-middle vc_row-flex\"><div class=\"contact-address wpb_animate_when_almost_visible wpb_right-to-left right-to-left wpb_column vc_column_container vc_col-sm-4 vc_col-has-fill\"><div class=\"vc_column-inner vc_custom_1605374622905\"><div class=\"wpb_wrapper\"><h2 style=\"font-size: 28px;text-align: left;font-family:Coda Caption;font-weight:800;font-style:normal\" class=\"vc_custom_heading vc_do_custom_heading\" id=\"kontactTitleId\">STAY AT THE SAARSCHLEIFENLODGE<\/h2>\n\t<div class=\"wpb_text_column wpb_content_element post-formatting\" >\n\t\t<div class=\"wpb_wrapper\">\n\t\t\t<p>In the middle of the Saar-Lor-Lux border triangle, surrounded by a castle, river and the forested valley, we have created a place for Saarland lovers and Saarland discoverers. Whether you\u2019re looking for a varied active holiday with the whole family, a relaxing weekend with your best friends or a romantic getaway with your partner - the Saarschleifenlodge is worth a visit in every respect and offers a wide range of options for those who like to get out and about in nature or simply want to unwind and enjoy the unique view.<\/p>\n\n\t\t<\/div>\n\t<\/div>\n\n\t<div class=\"wpb_text_column wpb_content_element post-formatting\" >\n\t\t<div class=\"wpb_wrapper\">\n\t\t\t<p><strong><img loading=\"lazy\" decoding=\"async\" class=\"alignleft wp-image-2070\" src=\"http:\/\/s522788272.online.de\/wp-content\/uploads\/2020\/12\/location-icon.png\" alt=\"\" width=\"12\" height=\"20\" \/><\/strong><b>40 km<\/b> from <strong>Saarbr\u00fccken<\/strong><\/p>\n<p>&nbsp;<\/p>\n<p><strong><img loading=\"lazy\" decoding=\"async\" class=\"alignleft wp-image-2070\" src=\"http:\/\/s522788272.online.de\/wp-content\/uploads\/2020\/12\/location-icon.png\" alt=\"\" width=\"12\" height=\"20\" \/>36 km<\/strong> from <strong>Luxembourg<\/strong><\/p>\n<p>&nbsp;<\/p>\n<p><strong><img loading=\"lazy\" decoding=\"async\" class=\"alignleft wp-image-2070\" src=\"http:\/\/s522788272.online.de\/wp-content\/uploads\/2020\/12\/location-icon.png\" alt=\"\" width=\"12\" height=\"20\" \/>30 km<\/strong> from <strong>Trier<\/strong><\/p>\n<p>&nbsp;<\/p>\n<p><strong><img loading=\"lazy\" decoding=\"async\" class=\"alignleft wp-image-2070\" src=\"http:\/\/s522788272.online.de\/wp-content\/uploads\/2020\/12\/location-icon.png\" alt=\"\" width=\"12\" height=\"20\" \/>50 km<\/strong> from <strong>Metz<\/strong><\/p>\n\n\t\t<\/div>\n\t<\/div>\n<\/div><\/div><\/div><div class=\"wpb_column vc_column_container vc_col-sm-8\"><div class=\"vc_column-inner\"><div class=\"wpb_wrapper\">\n\n\n\t<div class=\"wpb_text_column wpb_content_element post-formatting\" >\n\t\t<div class=\"wpb_wrapper\">\n\t\t\t\n\n\t\t\t\t<div id=\"map_ol3js_1\" class=\"map undefined\" data-map_name=\"undefined\" data-map=\"map_ol3js_1\" style=\"width:95%; max-width:100%; height:450px; display:block; overflow:hidden;border:2px solid grey;\" >\n\t\t\t\t  <div id=\"map_ol3js_1_popup\" class=\"ol-popup\" >\n\t\t\t\t\t<a href=\"#\" id=\"map_ol3js_1_popup-closer\" class=\"ol-popup-closer\"><\/a>\n\t\t\t\t\t<div id=\"map_ol3js_1_popup-content\" ><\/div>\n\t\t\t\t  <\/div>\n\t\t\t\t<\/div>\n\t\t\t\n\n\t\t\t\t<script type=\"text\/javascript\">\n\t\t\t\t\ttranslations['openlayer'] = \"open layer\";\n\t\t\t\t\ttranslations['openlayerAtStartup'] = \"open layer at startup\";\n\t\t\t\t\ttranslations['generateLink'] = \"link to this map with opened layers\";\n\t\t\t\t\ttranslations['shortDescription'] = \"short description\";\n\t\t\t\t\ttranslations['generatedShortCode'] = \"to get a text control link paste this code in your wordpress editor\";\n\t\t\t\t\ttranslations['closeLayer'] = \"close layer\";\n\t\t\t\t\ttranslations['cantGenerateLink'] = \"put this string in the existing map short code to control this map\";\n\t\t\t  <\/script>\n\n\n\t\t\t  <script type=\"text\/javascript\">\n\t\t\t  vectorM['map_ol3js_1'] = [];\n\t        \n        var raster = getTileLayer(\"osm\",\"NoKey\");\t\t\t\n\n\t\t\t  var map_ol3js_1 = new ol.Map({\n\t\t\t\tinteractions: ol.interaction.defaults.defaults({mouseWheelZoom:false}),\n\t\t\t\tlayers: [raster],\n\t\t\t\ttarget: \"map_ol3js_1\",\n\t\t\t\tview: new ol.View({\n\t\t\t\t  center: ol.proj.transform([6.5590,49.4948], \"EPSG:4326\", \"EPSG:3857\"),\n\t\t\t\t  zoom: 14.0\n\t\t\t\t})\n\t\t\t  });\n\t\t\t  osm_addMarkerLayer(map_ol3js_1,6.5449,49.4976,\"https:\/\/www.saarschleifenlodge.eu\/wp-content\/plugins\/osm\/icons\/mic_green_hut_02.png\",-16,-41,\"<p><\/p>\") ; \naddControls2Map(map_ol3js_1,0,0,3,0,5,6,7,0,1);\nosm_addPopupClickhandler(map_ol3js_1,  \"map_ol3js_1\"); \nosm_addMouseHover(map_ol3js_1); <\/script>\n\n\t\t<\/div>\n\t<\/div>\n\n\t<div class=\"wpb_text_column wpb_content_element post-formatting\" >\n\t\t<div class=\"wpb_wrapper\">\n\t\t\t<p style=\"text-align: center;\"><strong>Interested? Or ready for a holiday?<\/strong><\/p>\n<p style=\"text-align: center;\">Sign up for our newsletter and be the first to know what's new.<\/p>\n\n\t\t<\/div>\n\t<\/div>\n<div class=\"vc_btn3-container  wpb_animate_when_almost_visible wpb_fadeIn fadeIn vc_btn3-center vc_do_btn\" ><a style=\"background-color:#bbd142; color:#ffffff;\" class=\"vc_general vc_btn3 vc_btn3-size-md vc_btn3-shape-square vc_btn3-style-custom vc_btn3-icon-left\" href=\"https:\/\/www.saarschleifenlodge.eu\/en\/newsletter\/\" title=\"Saarschleifenlodge-Newsletter\"><i class=\"vc_btn3-icon fas fa-envelope\"><\/i> Subscribe to our newsletter<\/a><\/div><\/div><\/div><\/div><\/div><\/div><div class=\"vc-row-container container parent--contact-address-row\"><div class=\"vc_row wpb_row vc_row-fluid contact-address-row\"><div class=\"contact-address-small-box wpb_animate_when_almost_visible wpb_bottom-to-top bottom-to-top wpb_column vc_column_container vc_col-sm-4\"><div class=\"vc_column-inner\"><div class=\"wpb_wrapper\"><div class=\"auto-type-element  vc_custom_1605375081701\">\n\t<\/p>\n<h3>\t\t<div class=\"lab-autotype-text-entry\" id=\"el_6a03a0cdd85c0\"><\/div>\n\t\t<\/h3>\n<p><\/div>\n\n<script type=\"text\/javascript\">\n\tjQuery( document ).ready( function( $ ) {\n\t\t\n\t\tjQuery(\"#el_6a03a0cdd85c0\").typed({\"cursorChar\":\".\",\"contentType\":\"html\",\"loop\":true,\"loopCount\":0,\"typeSpeed\":100,\"backSpeed\":100,\"startDelay\":100,\"backDelay\":500,\"showCursor\":true,\"strings\":[\"Saarschleifenlodge\",\"Saarland\",\"Dreisbach\",\"am Fu\\u00dfe der Saarschleife\",\"\"]});\n\t\t\t} );\n<\/script>\n\n\t<div class=\"wpb_text_column wpb_content_element vc_custom_1605374811129 post-formatting\" >\n\t\t<div class=\"wpb_wrapper\">\n\t\t\t<p>The Saarschleifenlodge is the ideal starting point for excursions to the border triangle of Saarland, Lorraine and Luxembourg or for sporting activities such as hiking, mountain biking, running, stand-up paddling and much more.<\/p>\n\n\t\t<\/div>\n\t<\/div>\n<\/div><\/div><\/div><div class=\"contact-address-small-box wpb_animate_when_almost_visible wpb_bottom-to-top bottom-to-top wpb_column vc_column_container vc_col-sm-1\/5\"><div class=\"vc_column-inner\"><div class=\"wpb_wrapper\"><div class=\"section-title  title-stylized\">\n    <h5>Address<\/h5>\n<\/div>\n\t<div class=\"wpb_text_column wpb_content_element post-formatting\" >\n\t\t<div class=\"wpb_wrapper\">\n\t\t\t<p>Saarschleifenlodge<br \/>\nSteinbach 2<br \/>\n66693 Mettlach-Dreisbach<br \/>\nGermany<\/p>\n\n\t\t<\/div>\n\t<\/div>\n<\/div><\/div><\/div><div class=\"contact-address-small-box wpb_animate_when_almost_visible wpb_bottom-to-top bottom-to-top wpb_column vc_column_container vc_col-sm-1\/5\"><div class=\"vc_column-inner\"><div class=\"wpb_wrapper\"><div class=\"section-title  title-stylized\">\n    <h5>CONTACT<\/h5>\n<\/div>\n\t<div class=\"wpb_text_column wpb_content_element post-formatting\" >\n\t\t<div class=\"wpb_wrapper\">\n\t\t\t<p>E <a href=\"mailto:info@saarschleifenlodge.eu\">info@saarschleifenlodge.de<\/a><br \/>\nW <a href=\"https:\/\/www.saarschleifenlodge.eu\/en\/\">www.saarschleifenlodge.de<\/a><\/p>\n<p>T +49 6868 180 9911<\/p>\n<p>Emergency number: +49 151-126 22 042<\/p>\n\n\t\t<\/div>\n\t<\/div>\n<\/div><\/div><\/div><div class=\"contact-address-small-box wpb_column vc_column_container vc_col-sm-1\/5\"><div class=\"vc_column-inner\"><div class=\"wpb_wrapper\"><div class=\"section-title  title-stylized\">\n    <h5>Opening hours<\/h5>\n<\/div>\n\t<div class=\"wpb_text_column wpb_content_element post-formatting\" >\n\t\t<div class=\"wpb_wrapper\">\n\t\t\t<p><strong>Check In:<br \/>\n<\/strong>4 p.m. - 9 p.m.<br \/>\nArrivals after 9 p.m.: contactless<br \/>\n(please book in advance!)<\/p>\n<p><strong>Check Out:<br \/>\n<\/strong>8 a.m. - 11 a.m.<\/p>\n<p><strong>Fr\u00fchst\u00fcck: <\/strong><br \/>\n8 a.m. - 10:30 a.m.<\/p>\n\n\t\t<\/div>\n\t<\/div>\n<\/div><\/div><\/div><\/div><\/div><div class=\"vc-row-container container\"><div class=\"vc_row wpb_row vc_row-fluid wpb_animate_when_almost_visible wpb_bottom-to-top bottom-to-top\"><div class=\"wpb_column vc_column_container vc_col-sm-12\"><div class=\"vc_column-inner\"><div class=\"wpb_wrapper\"><div class=\"lab-contact-form contact-form\">\n\n\t<form action=\"\" method=\"post\" class=\"contact-form\" id=\"el_6a03a0cdd903f\" data-alerts=\"1\" data-alerts-msg=\"Please fill &quot;%&quot; field.\" data-privacy-error-msg=\"You must check privacy policy checkbox in order to submit the form.\" novalidate data-trp-original-action=\"\">\n\n\t\t<div class=\"row\">\n\n    \t\t<div class=\"col-sm-6\">\n\t\t\t\t<div class=\"form-group labeled-input-row\">\n\t\t\t\t\t\t\t\t\t\t<label for=\"el_6a03a0cdd903f_name\">Name:<\/label>\n\t\t\t\t\t\t\t\t\t\t<input name=\"name\" id=\"el_6a03a0cdd903f_name\" type=\"text\" placeholder=\"\" data-label=\"Name\">\n\t\t\t\t<\/div>\n    \t\t<\/div>\n\n\t\t\t<div class=\"col-sm-6\">\n\t\t\t\t<div class=\"form-group labeled-input-row\">\n\t\t\t\t\t\t\t\t\t\t<label for=\"el_6a03a0cdd903f_email\">Email:<\/label>\n\t\t\t\t\t\t\t\t\t\t<input name=\"email\" id=\"el_6a03a0cdd903f_email\" type=\"email\" placeholder=\"\" data-label=\"Email\">\n\t\t\t\t<\/div>\n\t\t\t<\/div>\n\n\t\t\t\n\t\t\t<div class=\"col-sm-12\">\n\t\t\t\t<div class=\"form-group labeled-textarea-row\">\n\t\t\t\t\t\t\t\t\t\t<label for=\"el_6a03a0cdd903f_message\">Message<\/label>\n\t\t\t\t\t\t\t\t\t\t<textarea name=\"message\" id=\"el_6a03a0cdd903f_message\" placeholder=\"\" data-label=\"Nachricht\"><\/textarea>\n\t\t\t\t<\/div>\n\t\t\t<\/div>\n\n\t\t<\/div><!-- row -->\n\n\t\t\n\t\t\t\t\t<div class=\"form-group contact-form-privacy-policy\">\n\n\t\t\t\t<label>\n\t\t\t\t\t<input type=\"checkbox\" name=\"privacy_policy_check\" \/>\n\t\t\t\t\t<span>I have read and accept the <a href=\"\/en\/datenschutz\/\">privacy policy<\/a> *<\/span>\n\t\t\t\t<\/label>\n\n\t\t\t<\/div>\n\t\t\n\t\t<button type=\"submit\" name=\"send\" class=\"button\">\n\t\t\t<span class=\"pre-submit\">Send message<\/span>\n\t\t\t<span class=\"success-msg\">Vielen Dank #, die Nachricht wurde versendet! <i class=\"flaticon-verification24\"><\/i><\/span>\n\t\t\t<span class=\"loading-bar\">\n\t\t\t\t<span><\/span>\n\t\t\t<\/span>\n\t\t<\/button>\n\n\t<input type=\"hidden\" name=\"trp-form-language\" value=\"en\"\/><\/form>\n\n<\/div><\/div><\/div><\/div><\/div><\/div>\n<\/div>","protected":false},"excerpt":{"rendered":"Aufenthalt in der Saarschleifenlodge Inmitten des Saar-Lor-Lux-Dreil\u00e4nderecks, umgeben von Burg, Fluss und dem von Wald besiedelten Tal, haben wir einen Ort f\u00fcr Saarlandliebhaber und Saarlandentdecker geschaffen. Ob ein abwechslungsreicher Aktivurlaub mit der ganzen Familie, ein entspanntes Wochenende mit den besten Freunden oder eine romantische Auszeit mit dem Partner - die Saarschleifenlodge ist in jeder Hinsicht&hellip;","protected":false},"author":1,"featured_media":0,"parent":0,"menu_order":0,"comment_status":"closed","ping_status":"closed","template":"","meta":{"footnotes":""},"class_list":["post-74","page","type-page","status-publish","hentry"],"acf":[],"yoast_head":"<!-- This site is optimized with the Yoast SEO plugin v24.5 - https:\/\/yoast.com\/wordpress\/plugins\/seo\/ -->\n<title>Kontakt - Saarschleifenlodge<\/title>\n<meta name=\"robots\" content=\"index, follow, max-snippet:-1, max-image-preview:large, max-video-preview:-1\" \/>\n<link rel=\"canonical\" href=\"https:\/\/www.saarschleifenlodge.eu\/en\/kontakt\/\" \/>\n<meta property=\"og:locale\" content=\"en_GB\" \/>\n<meta property=\"og:type\" content=\"article\" \/>\n<meta property=\"og:title\" content=\"Kontakt - Saarschleifenlodge\" \/>\n<meta property=\"og:url\" content=\"https:\/\/www.saarschleifenlodge.eu\/en\/kontakt\/\" \/>\n<meta property=\"og:site_name\" content=\"Saarschleifenlodge\" \/>\n<meta property=\"article:publisher\" content=\"https:\/\/www.facebook.com\/saarschleifenlodge\" \/>\n<meta property=\"article:modified_time\" content=\"2022-07-22T11:44:53+00:00\" \/>\n<meta property=\"og:image\" content=\"http:\/\/s522788272.online.de\/wp-content\/uploads\/2020\/12\/location-icon.png\" \/>\n<meta name=\"twitter:card\" content=\"summary_large_image\" \/>\n<meta name=\"twitter:label1\" content=\"Estimated reading time\" \/>\n\t<meta name=\"twitter:data1\" content=\"3 minutes\" \/>\n<script type=\"application\/ld+json\" class=\"yoast-schema-graph\">{\"@context\":\"https:\/\/schema.org\",\"@graph\":[{\"@type\":\"WebPage\",\"@id\":\"https:\/\/www.saarschleifenlodge.eu\/kontakt\/\",\"url\":\"https:\/\/www.saarschleifenlodge.eu\/kontakt\/\",\"name\":\"Kontakt - Saarschleifenlodge\",\"isPartOf\":{\"@id\":\"https:\/\/www.saarschleifenlodge.eu\/#website\"},\"primaryImageOfPage\":{\"@id\":\"https:\/\/www.saarschleifenlodge.eu\/kontakt\/#primaryimage\"},\"image\":{\"@id\":\"https:\/\/www.saarschleifenlodge.eu\/kontakt\/#primaryimage\"},\"thumbnailUrl\":\"http:\/\/s522788272.online.de\/wp-content\/uploads\/2020\/12\/location-icon.png\",\"datePublished\":\"2018-02-07T13:46:07+00:00\",\"dateModified\":\"2022-07-22T11:44:53+00:00\",\"breadcrumb\":{\"@id\":\"https:\/\/www.saarschleifenlodge.eu\/kontakt\/#breadcrumb\"},\"inLanguage\":\"en-GB\",\"potentialAction\":[{\"@type\":\"ReadAction\",\"target\":[\"https:\/\/www.saarschleifenlodge.eu\/kontakt\/\"]}]},{\"@type\":\"ImageObject\",\"inLanguage\":\"en-GB\",\"@id\":\"https:\/\/www.saarschleifenlodge.eu\/kontakt\/#primaryimage\",\"url\":\"http:\/\/s522788272.online.de\/wp-content\/uploads\/2020\/12\/location-icon.png\",\"contentUrl\":\"http:\/\/s522788272.online.de\/wp-content\/uploads\/2020\/12\/location-icon.png\"},{\"@type\":\"BreadcrumbList\",\"@id\":\"https:\/\/www.saarschleifenlodge.eu\/kontakt\/#breadcrumb\",\"itemListElement\":[{\"@type\":\"ListItem\",\"position\":1,\"name\":\"Startseite\",\"item\":\"https:\/\/www.saarschleifenlodge.eu\/\"},{\"@type\":\"ListItem\",\"position\":2,\"name\":\"Kontakt\"}]},{\"@type\":\"WebSite\",\"@id\":\"https:\/\/www.saarschleifenlodge.eu\/#website\",\"url\":\"https:\/\/www.saarschleifenlodge.eu\/\",\"name\":\"Saarschleifenlodge\",\"description\":\"Ferienwohnungen | Lofts | Studios | Baumh\u00e4user | Saarh\u00e4user | Tiny H\u00e4user\",\"publisher\":{\"@id\":\"https:\/\/www.saarschleifenlodge.eu\/#organization\"},\"potentialAction\":[{\"@type\":\"SearchAction\",\"target\":{\"@type\":\"EntryPoint\",\"urlTemplate\":\"https:\/\/www.saarschleifenlodge.eu\/?s={search_term_string}\"},\"query-input\":{\"@type\":\"PropertyValueSpecification\",\"valueRequired\":true,\"valueName\":\"search_term_string\"}}],\"inLanguage\":\"en-GB\"},{\"@type\":\"Organization\",\"@id\":\"https:\/\/www.saarschleifenlodge.eu\/#organization\",\"name\":\"Saarschleifenlodge\",\"url\":\"https:\/\/www.saarschleifenlodge.eu\/\",\"logo\":{\"@type\":\"ImageObject\",\"inLanguage\":\"en-GB\",\"@id\":\"https:\/\/www.saarschleifenlodge.eu\/#\/schema\/logo\/image\/\",\"url\":\"https:\/\/www.saarschleifenlodge.eu\/wp-content\/uploads\/2020\/11\/saarschleifenlodge_logo_250px_weiss.png\",\"contentUrl\":\"https:\/\/www.saarschleifenlodge.eu\/wp-content\/uploads\/2020\/11\/saarschleifenlodge_logo_250px_weiss.png\",\"width\":250,\"height\":112,\"caption\":\"Saarschleifenlodge\"},\"image\":{\"@id\":\"https:\/\/www.saarschleifenlodge.eu\/#\/schema\/logo\/image\/\"},\"sameAs\":[\"https:\/\/www.facebook.com\/saarschleifenlodge\",\"https:\/\/www.instagram.com\/saarschleifenlodge\/\"]}]}<\/script>\n<!-- \/ Yoast SEO plugin. -->","yoast_head_json":{"title":"Kontakt - Saarschleifenlodge","robots":{"index":"index","follow":"follow","max-snippet":"max-snippet:-1","max-image-preview":"max-image-preview:large","max-video-preview":"max-video-preview:-1"},"canonical":"https:\/\/www.saarschleifenlodge.eu\/en\/kontakt\/","og_locale":"en_GB","og_type":"article","og_title":"Kontakt - Saarschleifenlodge","og_url":"https:\/\/www.saarschleifenlodge.eu\/en\/kontakt\/","og_site_name":"Saarschleifenlodge","article_publisher":"https:\/\/www.facebook.com\/saarschleifenlodge","article_modified_time":"2022-07-22T11:44:53+00:00","og_image":[{"url":"http:\/\/s522788272.online.de\/wp-content\/uploads\/2020\/12\/location-icon.png","type":"","width":"","height":""}],"twitter_card":"summary_large_image","twitter_misc":{"Estimated reading time":"3 minutes"},"schema":{"@context":"https:\/\/schema.org","@graph":[{"@type":"WebPage","@id":"https:\/\/www.saarschleifenlodge.eu\/kontakt\/","url":"https:\/\/www.saarschleifenlodge.eu\/kontakt\/","name":"Kontakt - Saarschleifenlodge","isPartOf":{"@id":"https:\/\/www.saarschleifenlodge.eu\/#website"},"primaryImageOfPage":{"@id":"https:\/\/www.saarschleifenlodge.eu\/kontakt\/#primaryimage"},"image":{"@id":"https:\/\/www.saarschleifenlodge.eu\/kontakt\/#primaryimage"},"thumbnailUrl":"http:\/\/s522788272.online.de\/wp-content\/uploads\/2020\/12\/location-icon.png","datePublished":"2018-02-07T13:46:07+00:00","dateModified":"2022-07-22T11:44:53+00:00","breadcrumb":{"@id":"https:\/\/www.saarschleifenlodge.eu\/kontakt\/#breadcrumb"},"inLanguage":"en-GB","potentialAction":[{"@type":"ReadAction","target":["https:\/\/www.saarschleifenlodge.eu\/kontakt\/"]}]},{"@type":"ImageObject","inLanguage":"en-GB","@id":"https:\/\/www.saarschleifenlodge.eu\/kontakt\/#primaryimage","url":"http:\/\/s522788272.online.de\/wp-content\/uploads\/2020\/12\/location-icon.png","contentUrl":"http:\/\/s522788272.online.de\/wp-content\/uploads\/2020\/12\/location-icon.png"},{"@type":"BreadcrumbList","@id":"https:\/\/www.saarschleifenlodge.eu\/kontakt\/#breadcrumb","itemListElement":[{"@type":"ListItem","position":1,"name":"Startseite","item":"https:\/\/www.saarschleifenlodge.eu\/"},{"@type":"ListItem","position":2,"name":"Kontakt"}]},{"@type":"WebSite","@id":"https:\/\/www.saarschleifenlodge.eu\/#website","url":"https:\/\/www.saarschleifenlodge.eu\/","name":"Saarschleifenlodge","description":"Ferienwohnungen | Lofts | Studios | Baumh\u00e4user | Saarh\u00e4user | Tiny H\u00e4user","publisher":{"@id":"https:\/\/www.saarschleifenlodge.eu\/#organization"},"potentialAction":[{"@type":"SearchAction","target":{"@type":"EntryPoint","urlTemplate":"https:\/\/www.saarschleifenlodge.eu\/?s={search_term_string}"},"query-input":{"@type":"PropertyValueSpecification","valueRequired":true,"valueName":"search_term_string"}}],"inLanguage":"en-GB"},{"@type":"Organization","@id":"https:\/\/www.saarschleifenlodge.eu\/#organization","name":"Saarschleifenlodge","url":"https:\/\/www.saarschleifenlodge.eu\/","logo":{"@type":"ImageObject","inLanguage":"en-GB","@id":"https:\/\/www.saarschleifenlodge.eu\/#\/schema\/logo\/image\/","url":"https:\/\/www.saarschleifenlodge.eu\/wp-content\/uploads\/2020\/11\/saarschleifenlodge_logo_250px_weiss.png","contentUrl":"https:\/\/www.saarschleifenlodge.eu\/wp-content\/uploads\/2020\/11\/saarschleifenlodge_logo_250px_weiss.png","width":250,"height":112,"caption":"Saarschleifenlodge"},"image":{"@id":"https:\/\/www.saarschleifenlodge.eu\/#\/schema\/logo\/image\/"},"sameAs":["https:\/\/www.facebook.com\/saarschleifenlodge","https:\/\/www.instagram.com\/saarschleifenlodge\/"]}]}},"_links":{"self":[{"href":"https:\/\/www.saarschleifenlodge.eu\/en\/wp-json\/wp\/v2\/pages\/74","targetHints":{"allow":["GET"]}}],"collection":[{"href":"https:\/\/www.saarschleifenlodge.eu\/en\/wp-json\/wp\/v2\/pages"}],"about":[{"href":"https:\/\/www.saarschleifenlodge.eu\/en\/wp-json\/wp\/v2\/types\/page"}],"author":[{"embeddable":true,"href":"https:\/\/www.saarschleifenlodge.eu\/en\/wp-json\/wp\/v2\/users\/1"}],"replies":[{"embeddable":true,"href":"https:\/\/www.saarschleifenlodge.eu\/en\/wp-json\/wp\/v2\/comments?post=74"}],"version-history":[{"count":39,"href":"https:\/\/www.saarschleifenlodge.eu\/en\/wp-json\/wp\/v2\/pages\/74\/revisions"}],"predecessor-version":[{"id":4344,"href":"https:\/\/www.saarschleifenlodge.eu\/en\/wp-json\/wp\/v2\/pages\/74\/revisions\/4344"}],"wp:attachment":[{"href":"https:\/\/www.saarschleifenlodge.eu\/en\/wp-json\/wp\/v2\/media?parent=74"}],"curies":[{"name":"wp","href":"https:\/\/api.w.org\/{rel}","templated":true}]}}